{"id":16399,"date":"2024-10-09T18:42:58","date_gmt":"2024-10-09T18:42:58","guid":{"rendered":"https:\/\/bcmimprovement.com\/site1\/producto\/toner-kyocera-tk-3402\/"},"modified":"2024-10-09T18:43:02","modified_gmt":"2024-10-09T18:43:02","slug":"toner-kyocera-tk-3402","status":"publish","type":"product","link":"https:\/\/bcmimprovement.com\/site1\/producto\/toner-kyocera-tk-3402\/","title":{"rendered":"T\u00f3ner KYOCERA TK-3402"},"content":{"rendered":"<p>T\u00f3ner KYOCERA TK-3402 (1T0C0Y0US0). 12 &#8211; 500 p\u00e1ginas, Negro, Compatible: MA4500ifx, MA4500ix, PA4500x.<\/p>\n<p>UPC: 632983080627<\/p>\n","protected":false},"excerpt":{"rendered":"<p><strong>T\u00f3ner KYOCERA TK-3402 (1T0C0Y0US0). 12 &#8211; 500 p\u00e1ginas, Negro, Compatible: MA4500ifx, MA4500ix, PA4500x.<\/strong><\/p>\n","protected":false},"featured_media":16400,"comment_status":"closed","ping_status":"open","template":"","meta":[],"product_cat":[126,127],"product_tag":[],"class_list":{"0":"post-16399","1":"product","2":"type-product","3":"status-publish","4":"has-post-thumbnail","6":"product_cat-consumibles","7":"product_cat-toners","9":"first","10":"instock","11":"product-type-simple"},"_links":{"self":[{"href":"https:\/\/bcmimprovement.com\/site1\/wp-json\/wp\/v2\/product\/16399","targetHints":{"allow":["GET"]}}],"collection":[{"href":"https:\/\/bcmimprovement.com\/site1\/wp-json\/wp\/v2\/product"}],"about":[{"href":"https:\/\/bcmimprovement.com\/site1\/wp-json\/wp\/v2\/types\/product"}],"replies":[{"embeddable":true,"href":"https:\/\/bcmimprovement.com\/site1\/wp-json\/wp\/v2\/comments?post=16399"}],"wp:featuredmedia":[{"embeddable":true,"href":"https:\/\/bcmimprovement.com\/site1\/wp-json\/wp\/v2\/media\/16400"}],"wp:attachment":[{"href":"https:\/\/bcmimprovement.com\/site1\/wp-json\/wp\/v2\/media?parent=16399"}],"wp:term":[{"taxonomy":"product_cat","embeddable":true,"href":"https:\/\/bcmimprovement.com\/site1\/wp-json\/wp\/v2\/product_cat?post=16399"},{"taxonomy":"product_tag","embeddable":true,"href":"https:\/\/bcmimprovement.com\/site1\/wp-json\/wp\/v2\/product_tag?post=16399"}],"curies":[{"name":"wp","href":"https:\/\/api.w.org\/{rel}","templated":true}]}}