{"id":16407,"date":"2024-10-09T18:43:08","date_gmt":"2024-10-09T18:43:08","guid":{"rendered":"https:\/\/bcmimprovement.com\/site1\/producto\/toner-kyocera-tk-5432m\/"},"modified":"2024-10-09T18:43:11","modified_gmt":"2024-10-09T18:43:11","slug":"toner-kyocera-tk-5432m","status":"publish","type":"product","link":"https:\/\/bcmimprovement.com\/site1\/producto\/toner-kyocera-tk-5432m\/","title":{"rendered":"T\u00f3ner KYOCERA TK-5432M"},"content":{"rendered":"<p>T\u00f3ner KYOCERA TK-5432M (1T0C0ABUS1).  1 &#8211; 250 p\u00e1ginas, Magenta<\/p>\n<p>UPC: 632983075142<\/p>\n","protected":false},"excerpt":{"rendered":"<p><strong>T\u00f3ner KYOCERA TK-5432M (1T0C0ABUS1).  1 &#8211; 250 p\u00e1ginas, Magenta<\/strong><\/p>\n","protected":false},"featured_media":16408,"comment_status":"closed","ping_status":"open","template":"","meta":[],"product_cat":[126,127],"product_tag":[],"class_list":{"0":"post-16407","1":"product","2":"type-product","3":"status-publish","4":"has-post-thumbnail","6":"product_cat-consumibles","7":"product_cat-toners","9":"first","10":"instock","11":"product-type-simple"},"_links":{"self":[{"href":"https:\/\/bcmimprovement.com\/site1\/wp-json\/wp\/v2\/product\/16407","targetHints":{"allow":["GET"]}}],"collection":[{"href":"https:\/\/bcmimprovement.com\/site1\/wp-json\/wp\/v2\/product"}],"about":[{"href":"https:\/\/bcmimprovement.com\/site1\/wp-json\/wp\/v2\/types\/product"}],"replies":[{"embeddable":true,"href":"https:\/\/bcmimprovement.com\/site1\/wp-json\/wp\/v2\/comments?post=16407"}],"wp:featuredmedia":[{"embeddable":true,"href":"https:\/\/bcmimprovement.com\/site1\/wp-json\/wp\/v2\/media\/16408"}],"wp:attachment":[{"href":"https:\/\/bcmimprovement.com\/site1\/wp-json\/wp\/v2\/media?parent=16407"}],"wp:term":[{"taxonomy":"product_cat","embeddable":true,"href":"https:\/\/bcmimprovement.com\/site1\/wp-json\/wp\/v2\/product_cat?post=16407"},{"taxonomy":"product_tag","embeddable":true,"href":"https:\/\/bcmimprovement.com\/site1\/wp-json\/wp\/v2\/product_tag?post=16407"}],"curies":[{"name":"wp","href":"https:\/\/api.w.org\/{rel}","templated":true}]}}