{"id":16443,"date":"2024-10-09T18:44:05","date_gmt":"2024-10-09T18:44:05","guid":{"rendered":"https:\/\/bcmimprovement.com\/site1\/producto\/toner-brother-tn920xxl\/"},"modified":"2024-10-09T18:44:07","modified_gmt":"2024-10-09T18:44:07","slug":"toner-brother-tn920xxl","status":"publish","type":"product","link":"https:\/\/bcmimprovement.com\/site1\/producto\/toner-brother-tn920xxl\/","title":{"rendered":"T\u00f3ner BROTHER TN920XXL"},"content":{"rendered":"<p>T\u00f3ner Brother Valor TN920XXL negro &#8211; rendimiento aproximado 11, 000 p\u00e1gs.<\/p>\n<p>UPC: 012502665960<\/p>\n","protected":false},"excerpt":{"rendered":"<p><strong>T\u00f3ner Brother Valor TN920XXL negro &#8211; rendimiento aproximado 11, 000 p\u00e1gs.<\/strong><\/p>\n","protected":false},"featured_media":16444,"comment_status":"closed","ping_status":"open","template":"","meta":[],"product_cat":[126,127],"product_tag":[],"class_list":{"0":"post-16443","1":"product","2":"type-product","3":"status-publish","4":"has-post-thumbnail","6":"product_cat-consumibles","7":"product_cat-toners","9":"first","10":"instock","11":"product-type-simple"},"_links":{"self":[{"href":"https:\/\/bcmimprovement.com\/site1\/wp-json\/wp\/v2\/product\/16443","targetHints":{"allow":["GET"]}}],"collection":[{"href":"https:\/\/bcmimprovement.com\/site1\/wp-json\/wp\/v2\/product"}],"about":[{"href":"https:\/\/bcmimprovement.com\/site1\/wp-json\/wp\/v2\/types\/product"}],"replies":[{"embeddable":true,"href":"https:\/\/bcmimprovement.com\/site1\/wp-json\/wp\/v2\/comments?post=16443"}],"wp:featuredmedia":[{"embeddable":true,"href":"https:\/\/bcmimprovement.com\/site1\/wp-json\/wp\/v2\/media\/16444"}],"wp:attachment":[{"href":"https:\/\/bcmimprovement.com\/site1\/wp-json\/wp\/v2\/media?parent=16443"}],"wp:term":[{"taxonomy":"product_cat","embeddable":true,"href":"https:\/\/bcmimprovement.com\/site1\/wp-json\/wp\/v2\/product_cat?post=16443"},{"taxonomy":"product_tag","embeddable":true,"href":"https:\/\/bcmimprovement.com\/site1\/wp-json\/wp\/v2\/product_tag?post=16443"}],"curies":[{"name":"wp","href":"https:\/\/api.w.org\/{rel}","templated":true}]}}