{"id":16501,"date":"2024-10-09T18:45:39","date_gmt":"2024-10-09T18:45:39","guid":{"rendered":"https:\/\/bcmimprovement.com\/site1\/producto\/toner-brother-tn830\/"},"modified":"2024-10-09T18:45:40","modified_gmt":"2024-10-09T18:45:40","slug":"toner-brother-tn830","status":"publish","type":"product","link":"https:\/\/bcmimprovement.com\/site1\/producto\/toner-brother-tn830\/","title":{"rendered":"T\u00f3ner BROTHER TN830"},"content":{"rendered":"<p>T\u00f3ner Brother TN830 negro &#8211; rendimiento aproximado 1, 200 p\u00e1ginas<\/p>\n<p>UPC: 012502673156<\/p>\n","protected":false},"excerpt":{"rendered":"<p><strong>T\u00f3ner Brother TN830 negro &#8211; rendimiento aproximado 1, 200 p\u00e1ginas<\/strong><\/p>\n","protected":false},"featured_media":16502,"comment_status":"closed","ping_status":"open","template":"","meta":[],"product_cat":[126,127],"product_tag":[],"class_list":{"0":"post-16501","1":"product","2":"type-product","3":"status-publish","4":"has-post-thumbnail","6":"product_cat-consumibles","7":"product_cat-toners","9":"first","10":"instock","11":"product-type-simple"},"_links":{"self":[{"href":"https:\/\/bcmimprovement.com\/site1\/wp-json\/wp\/v2\/product\/16501","targetHints":{"allow":["GET"]}}],"collection":[{"href":"https:\/\/bcmimprovement.com\/site1\/wp-json\/wp\/v2\/product"}],"about":[{"href":"https:\/\/bcmimprovement.com\/site1\/wp-json\/wp\/v2\/types\/product"}],"replies":[{"embeddable":true,"href":"https:\/\/bcmimprovement.com\/site1\/wp-json\/wp\/v2\/comments?post=16501"}],"wp:featuredmedia":[{"embeddable":true,"href":"https:\/\/bcmimprovement.com\/site1\/wp-json\/wp\/v2\/media\/16502"}],"wp:attachment":[{"href":"https:\/\/bcmimprovement.com\/site1\/wp-json\/wp\/v2\/media?parent=16501"}],"wp:term":[{"taxonomy":"product_cat","embeddable":true,"href":"https:\/\/bcmimprovement.com\/site1\/wp-json\/wp\/v2\/product_cat?post=16501"},{"taxonomy":"product_tag","embeddable":true,"href":"https:\/\/bcmimprovement.com\/site1\/wp-json\/wp\/v2\/product_tag?post=16501"}],"curies":[{"name":"wp","href":"https:\/\/api.w.org\/{rel}","templated":true}]}}