{"id":18140,"date":"2024-10-10T16:40:01","date_gmt":"2024-10-10T16:40:01","guid":{"rendered":"https:\/\/bcmimprovement.com\/site1\/producto\/amd-ryzen-5\/"},"modified":"2024-10-10T16:40:02","modified_gmt":"2024-10-10T16:40:02","slug":"amd-ryzen-5","status":"publish","type":"product","link":"https:\/\/bcmimprovement.com\/site1\/producto\/amd-ryzen-5\/","title":{"rendered":"AMD RYZEN 5"},"content":{"rendered":"<p>AMD RYZEN 5 8500G &#8211; 6 n\u00facleos, Socket AM5, Con Ventilador, Con Gr\u00e1ficos Incluidos.<\/p>\n<p>UPC: 730143316439<\/p>\n<p>Frecuencia del procesador: 3,5 GHz<br \/>\nN\u00famero de n\u00facleos de procesador: 6 n\u00facleos<br \/>\nFamilia de procesador: AMD Ryzen 5<br \/>\nSocket de procesador: Socket AM5<br \/>\nCach\u00e9 del procesador: 22 MB<\/p>\n","protected":false},"excerpt":{"rendered":"<p><strong>AMD RYZEN 5 8500G &#8211; 6 n\u00facleos, Socket AM5, Con Ventilador, Con Gr\u00e1ficos Incluidos.<\/strong><\/p>\n","protected":false},"featured_media":18141,"comment_status":"closed","ping_status":"open","template":"","meta":[],"product_cat":[41,144],"product_tag":[],"class_list":{"0":"post-18140","1":"product","2":"type-product","3":"status-publish","4":"has-post-thumbnail","6":"product_cat-ensamble","7":"product_cat-microprocesadores","9":"first","10":"instock","11":"product-type-simple"},"_links":{"self":[{"href":"https:\/\/bcmimprovement.com\/site1\/wp-json\/wp\/v2\/product\/18140","targetHints":{"allow":["GET"]}}],"collection":[{"href":"https:\/\/bcmimprovement.com\/site1\/wp-json\/wp\/v2\/product"}],"about":[{"href":"https:\/\/bcmimprovement.com\/site1\/wp-json\/wp\/v2\/types\/product"}],"replies":[{"embeddable":true,"href":"https:\/\/bcmimprovement.com\/site1\/wp-json\/wp\/v2\/comments?post=18140"}],"wp:featuredmedia":[{"embeddable":true,"href":"https:\/\/bcmimprovement.com\/site1\/wp-json\/wp\/v2\/media\/18141"}],"wp:attachment":[{"href":"https:\/\/bcmimprovement.com\/site1\/wp-json\/wp\/v2\/media?parent=18140"}],"wp:term":[{"taxonomy":"product_cat","embeddable":true,"href":"https:\/\/bcmimprovement.com\/site1\/wp-json\/wp\/v2\/product_cat?post=18140"},{"taxonomy":"product_tag","embeddable":true,"href":"https:\/\/bcmimprovement.com\/site1\/wp-json\/wp\/v2\/product_tag?post=18140"}],"curies":[{"name":"wp","href":"https:\/\/api.w.org\/{rel}","templated":true}]}}