{"id":18929,"date":"2024-10-10T17:29:31","date_gmt":"2024-10-10T17:29:31","guid":{"rendered":"https:\/\/bcmimprovement.com\/site1\/producto\/impresora-termica-techzone-tzbe301\/"},"modified":"2024-10-10T17:30:20","modified_gmt":"2024-10-10T17:30:20","slug":"impresora-termica-techzone-tzbe301","status":"publish","type":"product","link":"https:\/\/bcmimprovement.com\/site1\/producto\/impresora-termica-techzone-tzbe301\/","title":{"rendered":"Impresora T\u00e9rmica TECHZONE TZBE301"},"content":{"rendered":"<p>Impresora termica TechZone TZBE301 de 80mm &#8211; vel de 300mm\/s, 576 DPI\u00b4s, USB-SERIAL-RJ45-RJ11, cortador automatico, 1 a\u00f1o de garant\u00eda<\/p>\n<p>EAN: 7501950183681<\/p>\n<p>Tecnolog\u00eda de impresi\u00f3n: T\u00e9rmico<br \/>\nVelocidad de impresi\u00f3n: 300 mm\/s<br \/>\nResoluci\u00f3n m\u00e1xima: 203p\/l<br \/>\nTecnolog\u00eda de conectividad: Serial\/USB\/Ethernet\/RJ11<\/p>\n","protected":false},"excerpt":{"rendered":"<p><strong>Impresora termica TechZone TZBE301 de 80mm &#8211; vel de 300mm\/s, 576 DPI\u00b4s, USB-SERIAL-RJ45-RJ11, cortador automatico, 1 a\u00f1o de garant\u00eda<\/strong><\/p>\n","protected":false},"featured_media":18930,"comment_status":"closed","ping_status":"open","template":"","meta":[],"product_cat":[152,151],"product_tag":[],"class_list":{"0":"post-18929","1":"product","2":"type-product","3":"status-publish","4":"has-post-thumbnail","6":"product_cat-impresoras-pos","7":"product_cat-perifericos-para-pos","9":"first","10":"instock","11":"product-type-simple"},"_links":{"self":[{"href":"https:\/\/bcmimprovement.com\/site1\/wp-json\/wp\/v2\/product\/18929","targetHints":{"allow":["GET"]}}],"collection":[{"href":"https:\/\/bcmimprovement.com\/site1\/wp-json\/wp\/v2\/product"}],"about":[{"href":"https:\/\/bcmimprovement.com\/site1\/wp-json\/wp\/v2\/types\/product"}],"replies":[{"embeddable":true,"href":"https:\/\/bcmimprovement.com\/site1\/wp-json\/wp\/v2\/comments?post=18929"}],"wp:featuredmedia":[{"embeddable":true,"href":"https:\/\/bcmimprovement.com\/site1\/wp-json\/wp\/v2\/media\/18930"}],"wp:attachment":[{"href":"https:\/\/bcmimprovement.com\/site1\/wp-json\/wp\/v2\/media?parent=18929"}],"wp:term":[{"taxonomy":"product_cat","embeddable":true,"href":"https:\/\/bcmimprovement.com\/site1\/wp-json\/wp\/v2\/product_cat?post=18929"},{"taxonomy":"product_tag","embeddable":true,"href":"https:\/\/bcmimprovement.com\/site1\/wp-json\/wp\/v2\/product_tag?post=18929"}],"curies":[{"name":"wp","href":"https:\/\/api.w.org\/{rel}","templated":true}]}}