{"id":19013,"date":"2024-10-10T17:32:02","date_gmt":"2024-10-10T17:32:02","guid":{"rendered":"https:\/\/bcmimprovement.com\/site1\/producto\/kit-computadora-movil-zebra-tc15\/"},"modified":"2024-10-10T17:32:27","modified_gmt":"2024-10-10T17:32:27","slug":"kit-computadora-movil-zebra-tc15","status":"publish","type":"product","link":"https:\/\/bcmimprovement.com\/site1\/producto\/kit-computadora-movil-zebra-tc15\/","title":{"rendered":"Kit Computadora Movil ZEBRA TC15"},"content":{"rendered":"<p>Kit Computadora m\u00f3vil ZEBRA TC15 ( KT-TC15-ROLATAM ) Pantalla tactil 6.5 pulgadas HD+ &#8211; 720 x 1600, 450 NITS; multit\u00e1ctil. Bater\u00eda est\u00e1ndar de 5000 mAh\/19, 3<\/p>\n","protected":false},"excerpt":{"rendered":"<p><strong>Kit Computadora m\u00f3vil ZEBRA TC15 ( KT-TC15-ROLATAM ) Pantalla tactil 6.5 pulgadas HD+ &#8211; 720 x 1600, 450 NITS; multit\u00e1ctil. Bater\u00eda est\u00e1ndar de 5000 mAh\/19, 3<\/strong><\/p>\n","protected":false},"featured_media":19014,"comment_status":"closed","ping_status":"open","template":"","meta":[],"product_cat":[151,158],"product_tag":[],"class_list":{"0":"post-19013","1":"product","2":"type-product","3":"status-publish","4":"has-post-thumbnail","6":"product_cat-perifericos-para-pos","7":"product_cat-terminales-pos","9":"first","10":"instock","11":"product-type-simple"},"_links":{"self":[{"href":"https:\/\/bcmimprovement.com\/site1\/wp-json\/wp\/v2\/product\/19013","targetHints":{"allow":["GET"]}}],"collection":[{"href":"https:\/\/bcmimprovement.com\/site1\/wp-json\/wp\/v2\/product"}],"about":[{"href":"https:\/\/bcmimprovement.com\/site1\/wp-json\/wp\/v2\/types\/product"}],"replies":[{"embeddable":true,"href":"https:\/\/bcmimprovement.com\/site1\/wp-json\/wp\/v2\/comments?post=19013"}],"wp:featuredmedia":[{"embeddable":true,"href":"https:\/\/bcmimprovement.com\/site1\/wp-json\/wp\/v2\/media\/19014"}],"wp:attachment":[{"href":"https:\/\/bcmimprovement.com\/site1\/wp-json\/wp\/v2\/media?parent=19013"}],"wp:term":[{"taxonomy":"product_cat","embeddable":true,"href":"https:\/\/bcmimprovement.com\/site1\/wp-json\/wp\/v2\/product_cat?post=19013"},{"taxonomy":"product_tag","embeddable":true,"href":"https:\/\/bcmimprovement.com\/site1\/wp-json\/wp\/v2\/product_tag?post=19013"}],"curies":[{"name":"wp","href":"https:\/\/api.w.org\/{rel}","templated":true}]}}