{"id":19333,"date":"2024-10-10T18:28:06","date_gmt":"2024-10-10T18:28:06","guid":{"rendered":"https:\/\/bcmimprovement.com\/site1\/producto\/terminal-portatil-syble-dt50s\/"},"modified":"2024-10-10T18:28:32","modified_gmt":"2024-10-10T18:28:32","slug":"terminal-portatil-syble-dt50s","status":"publish","type":"product","link":"https:\/\/bcmimprovement.com\/site1\/producto\/terminal-portatil-syble-dt50s\/","title":{"rendered":"Terminal Portatil SYBLE DT50S"},"content":{"rendered":"<p>Terminal Port\u00e1til UROVO (DT50S) Pantalla tactil 5.7 HD+ &#8211; 720 x 1440, 450 NITS; multit\u00e1ctil. Bater\u00eda est\u00e1ndar de 5000 mAh\/19, 35 Wh (6000 mAh opcional). Proc<\/p>\n","protected":false},"excerpt":{"rendered":"<p><strong>Terminal Port\u00e1til UROVO (DT50S) Pantalla tactil 5.7 HD+ &#8211; 720 x 1440, 450 NITS; multit\u00e1ctil. Bater\u00eda est\u00e1ndar de 5000 mAh\/19, 35 Wh (6000 mAh opcional). Proc<\/strong><\/p>\n","protected":false},"featured_media":19334,"comment_status":"closed","ping_status":"open","template":"","meta":[],"product_cat":[151,158],"product_tag":[],"class_list":{"0":"post-19333","1":"product","2":"type-product","3":"status-publish","4":"has-post-thumbnail","6":"product_cat-perifericos-para-pos","7":"product_cat-terminales-pos","9":"first","10":"instock","11":"product-type-simple"},"_links":{"self":[{"href":"https:\/\/bcmimprovement.com\/site1\/wp-json\/wp\/v2\/product\/19333","targetHints":{"allow":["GET"]}}],"collection":[{"href":"https:\/\/bcmimprovement.com\/site1\/wp-json\/wp\/v2\/product"}],"about":[{"href":"https:\/\/bcmimprovement.com\/site1\/wp-json\/wp\/v2\/types\/product"}],"replies":[{"embeddable":true,"href":"https:\/\/bcmimprovement.com\/site1\/wp-json\/wp\/v2\/comments?post=19333"}],"wp:featuredmedia":[{"embeddable":true,"href":"https:\/\/bcmimprovement.com\/site1\/wp-json\/wp\/v2\/media\/19334"}],"wp:attachment":[{"href":"https:\/\/bcmimprovement.com\/site1\/wp-json\/wp\/v2\/media?parent=19333"}],"wp:term":[{"taxonomy":"product_cat","embeddable":true,"href":"https:\/\/bcmimprovement.com\/site1\/wp-json\/wp\/v2\/product_cat?post=19333"},{"taxonomy":"product_tag","embeddable":true,"href":"https:\/\/bcmimprovement.com\/site1\/wp-json\/wp\/v2\/product_tag?post=19333"}],"curies":[{"name":"wp","href":"https:\/\/api.w.org\/{rel}","templated":true}]}}