{"id":19518,"date":"2024-10-10T23:26:51","date_gmt":"2024-10-10T23:26:51","guid":{"rendered":"https:\/\/bcmimprovement.com\/site1\/producto\/access-point-omada-omada-eap110-outdoor\/"},"modified":"2024-10-10T23:27:22","modified_gmt":"2024-10-10T23:27:22","slug":"access-point-omada-omada-eap110-outdoor","status":"publish","type":"product","link":"https:\/\/bcmimprovement.com\/site1\/producto\/access-point-omada-omada-eap110-outdoor\/","title":{"rendered":"Access Point Omada Omada EAP110-Outdoor"},"content":{"rendered":"<p>ACCESS POINT INAL\u00c1MBRICO N300 CON TECNOLOG\u00cdA MIMO Y ADMINISTRACI\u00d3N EN LA NUBE TP-LINK EAP110-OUTDOOR &#8211;<\/p>\n<p>UPC: 845973092832<\/p>\n<p>Ganancia de la antena (max): 5 dBi<br \/>\nTasa de transferencia (m\u00e1x): 300 Mbit\/s<\/p>\n","protected":false},"excerpt":{"rendered":"<p><strong>ACCESS POINT INAL\u00c1MBRICO N300 CON TECNOLOG\u00cdA MIMO Y ADMINISTRACI\u00d3N EN LA NUBE TP-LINK EAP110-OUTDOOR &#8211;<\/strong><\/p>\n","protected":false},"featured_media":19519,"comment_status":"closed","ping_status":"open","template":"","meta":[],"product_cat":[167,163],"product_tag":[],"class_list":{"0":"post-19518","1":"product","2":"type-product","3":"status-publish","4":"has-post-thumbnail","6":"product_cat-access-points","7":"product_cat-red-activa","9":"first","10":"instock","11":"product-type-simple"},"_links":{"self":[{"href":"https:\/\/bcmimprovement.com\/site1\/wp-json\/wp\/v2\/product\/19518","targetHints":{"allow":["GET"]}}],"collection":[{"href":"https:\/\/bcmimprovement.com\/site1\/wp-json\/wp\/v2\/product"}],"about":[{"href":"https:\/\/bcmimprovement.com\/site1\/wp-json\/wp\/v2\/types\/product"}],"replies":[{"embeddable":true,"href":"https:\/\/bcmimprovement.com\/site1\/wp-json\/wp\/v2\/comments?post=19518"}],"wp:featuredmedia":[{"embeddable":true,"href":"https:\/\/bcmimprovement.com\/site1\/wp-json\/wp\/v2\/media\/19519"}],"wp:attachment":[{"href":"https:\/\/bcmimprovement.com\/site1\/wp-json\/wp\/v2\/media?parent=19518"}],"wp:term":[{"taxonomy":"product_cat","embeddable":true,"href":"https:\/\/bcmimprovement.com\/site1\/wp-json\/wp\/v2\/product_cat?post=19518"},{"taxonomy":"product_tag","embeddable":true,"href":"https:\/\/bcmimprovement.com\/site1\/wp-json\/wp\/v2\/product_tag?post=19518"}],"curies":[{"name":"wp","href":"https:\/\/api.w.org\/{rel}","templated":true}]}}