{"id":21975,"date":"2024-10-11T16:24:32","date_gmt":"2024-10-11T16:24:32","guid":{"rendered":"https:\/\/bcmimprovement.com\/site1\/producto\/ups-cyberpower-hstp3t10k\/"},"modified":"2024-10-11T16:24:48","modified_gmt":"2024-10-11T16:24:48","slug":"ups-cyberpower-hstp3t10k","status":"publish","type":"product","link":"https:\/\/bcmimprovement.com\/site1\/producto\/ups-cyberpower-hstp3t10k\/","title":{"rendered":"UPS CyberPower HSTP3T10K"},"content":{"rendered":"<p>CyberPower HSTP3T10K 10KVA\/10KW. El UPS trif\u00e1sico en l\u00ednea proporciona respaldo de energ\u00eda duradero para armarios de datos &#8211;<\/p>\n<p>Color del producto: Negro<br \/>\nCapacidad de potencia de salida (VA): 10000 VA<br \/>\nPotencia de salida: 260 W<\/p>\n","protected":false},"excerpt":{"rendered":"<p><strong>CyberPower HSTP3T10K 10KVA\/10KW. El UPS trif\u00e1sico en l\u00ednea proporciona respaldo de energ\u00eda duradero para armarios de datos &#8211;<\/strong><\/p>\n","protected":false},"featured_media":21976,"comment_status":"closed","ping_status":"open","template":"","meta":[],"product_cat":[172,170],"product_tag":[],"class_list":{"0":"post-21975","1":"product","2":"type-product","3":"status-publish","4":"has-post-thumbnail","6":"product_cat-no-breaks-y-ups","7":"product_cat-respaldo-y-regulacion","9":"first","10":"instock","11":"product-type-simple"},"_links":{"self":[{"href":"https:\/\/bcmimprovement.com\/site1\/wp-json\/wp\/v2\/product\/21975","targetHints":{"allow":["GET"]}}],"collection":[{"href":"https:\/\/bcmimprovement.com\/site1\/wp-json\/wp\/v2\/product"}],"about":[{"href":"https:\/\/bcmimprovement.com\/site1\/wp-json\/wp\/v2\/types\/product"}],"replies":[{"embeddable":true,"href":"https:\/\/bcmimprovement.com\/site1\/wp-json\/wp\/v2\/comments?post=21975"}],"wp:featuredmedia":[{"embeddable":true,"href":"https:\/\/bcmimprovement.com\/site1\/wp-json\/wp\/v2\/media\/21976"}],"wp:attachment":[{"href":"https:\/\/bcmimprovement.com\/site1\/wp-json\/wp\/v2\/media?parent=21975"}],"wp:term":[{"taxonomy":"product_cat","embeddable":true,"href":"https:\/\/bcmimprovement.com\/site1\/wp-json\/wp\/v2\/product_cat?post=21975"},{"taxonomy":"product_tag","embeddable":true,"href":"https:\/\/bcmimprovement.com\/site1\/wp-json\/wp\/v2\/product_tag?post=21975"}],"curies":[{"name":"wp","href":"https:\/\/api.w.org\/{rel}","templated":true}]}}