{"id":22103,"date":"2024-10-11T16:26:30","date_gmt":"2024-10-11T16:26:30","guid":{"rendered":"https:\/\/bcmimprovement.com\/site1\/producto\/antivirus-kaspersky-kesb-advanced-precio-por-licencia-12\/"},"modified":"2024-10-11T16:27:01","modified_gmt":"2024-10-11T16:27:01","slug":"antivirus-kaspersky-kesb-advanced-precio-por-licencia-12","status":"publish","type":"product","link":"https:\/\/bcmimprovement.com\/site1\/producto\/antivirus-kaspersky-kesb-advanced-precio-por-licencia-12\/","title":{"rendered":"Antivirus KASPERSKY KESB ADVANCED *PRECIO POR LICENCIA*"},"content":{"rendered":"<p>Antivirus KASPERSKY KESB ADVANCED *PRECIO POR LICENCIA* &#8211; 50 &#8211; 99, 1 A\u00f1o(s), 50<\/p>\n<p>N\u00famero de a\u00f1os: 1 A\u00f1o(s)<br \/>\nRAM m\u00ednima: 50<br \/>\nCantidad de licencia: 50 &#8211; 99<\/p>\n","protected":false},"excerpt":{"rendered":"<p><strong>Antivirus KASPERSKY KESB ADVANCED *PRECIO POR LICENCIA* &#8211; 50 &#8211; 99, 1 A\u00f1o(s), 50<\/strong><\/p>\n","protected":false},"featured_media":22104,"comment_status":"closed","ping_status":"open","template":"","meta":[],"product_cat":[174,173],"product_tag":[],"class_list":{"0":"post-22103","1":"product","2":"type-product","3":"status-publish","4":"has-post-thumbnail","6":"product_cat-antivirus","7":"product_cat-seguridad","9":"first","10":"instock","11":"product-type-simple"},"_links":{"self":[{"href":"https:\/\/bcmimprovement.com\/site1\/wp-json\/wp\/v2\/product\/22103","targetHints":{"allow":["GET"]}}],"collection":[{"href":"https:\/\/bcmimprovement.com\/site1\/wp-json\/wp\/v2\/product"}],"about":[{"href":"https:\/\/bcmimprovement.com\/site1\/wp-json\/wp\/v2\/types\/product"}],"replies":[{"embeddable":true,"href":"https:\/\/bcmimprovement.com\/site1\/wp-json\/wp\/v2\/comments?post=22103"}],"wp:featuredmedia":[{"embeddable":true,"href":"https:\/\/bcmimprovement.com\/site1\/wp-json\/wp\/v2\/media\/22104"}],"wp:attachment":[{"href":"https:\/\/bcmimprovement.com\/site1\/wp-json\/wp\/v2\/media?parent=22103"}],"wp:term":[{"taxonomy":"product_cat","embeddable":true,"href":"https:\/\/bcmimprovement.com\/site1\/wp-json\/wp\/v2\/product_cat?post=22103"},{"taxonomy":"product_tag","embeddable":true,"href":"https:\/\/bcmimprovement.com\/site1\/wp-json\/wp\/v2\/product_tag?post=22103"}],"curies":[{"name":"wp","href":"https:\/\/api.w.org\/{rel}","templated":true}]}}