{"id":22127,"date":"2024-10-11T16:27:06","date_gmt":"2024-10-11T16:27:06","guid":{"rendered":"https:\/\/bcmimprovement.com\/site1\/producto\/antivirus-kaspersky-kesb-total-precio-por-licencia-7\/"},"modified":"2024-10-11T16:27:22","modified_gmt":"2024-10-11T16:27:22","slug":"antivirus-kaspersky-kesb-total-precio-por-licencia-7","status":"publish","type":"product","link":"https:\/\/bcmimprovement.com\/site1\/producto\/antivirus-kaspersky-kesb-total-precio-por-licencia-7\/","title":{"rendered":"Antivirus KASPERSKY KESB TOTAL *PRECIO POR LICENCIA*"},"content":{"rendered":"<p>Antivirus KASPERSKY KESB TOTAL *PRECIO POR LICENCIA* &#8211; 20 &#8211; 24, 1 A\u00f1o(s), 20<\/p>\n<p>N\u00famero de a\u00f1os: 1 A\u00f1o(s)<br \/>\nVersi\u00f3n de idioma: Ingl\u00e9s<br \/>\nCantidad de licencia: 20-24 Licencias<br \/>\nTipo de licencia: Antivirus<\/p>\n","protected":false},"excerpt":{"rendered":"<p><strong>Antivirus KASPERSKY KESB TOTAL *PRECIO POR LICENCIA* &#8211; 20 &#8211; 24, 1 A\u00f1o(s), 20<\/strong><\/p>\n","protected":false},"featured_media":22128,"comment_status":"closed","ping_status":"open","template":"","meta":[],"product_cat":[174,173],"product_tag":[],"class_list":{"0":"post-22127","1":"product","2":"type-product","3":"status-publish","4":"has-post-thumbnail","6":"product_cat-antivirus","7":"product_cat-seguridad","9":"first","10":"instock","11":"product-type-simple"},"_links":{"self":[{"href":"https:\/\/bcmimprovement.com\/site1\/wp-json\/wp\/v2\/product\/22127","targetHints":{"allow":["GET"]}}],"collection":[{"href":"https:\/\/bcmimprovement.com\/site1\/wp-json\/wp\/v2\/product"}],"about":[{"href":"https:\/\/bcmimprovement.com\/site1\/wp-json\/wp\/v2\/types\/product"}],"replies":[{"embeddable":true,"href":"https:\/\/bcmimprovement.com\/site1\/wp-json\/wp\/v2\/comments?post=22127"}],"wp:featuredmedia":[{"embeddable":true,"href":"https:\/\/bcmimprovement.com\/site1\/wp-json\/wp\/v2\/media\/22128"}],"wp:attachment":[{"href":"https:\/\/bcmimprovement.com\/site1\/wp-json\/wp\/v2\/media?parent=22127"}],"wp:term":[{"taxonomy":"product_cat","embeddable":true,"href":"https:\/\/bcmimprovement.com\/site1\/wp-json\/wp\/v2\/product_cat?post=22127"},{"taxonomy":"product_tag","embeddable":true,"href":"https:\/\/bcmimprovement.com\/site1\/wp-json\/wp\/v2\/product_tag?post=22127"}],"curies":[{"name":"wp","href":"https:\/\/api.w.org\/{rel}","templated":true}]}}