{"id":22151,"date":"2024-10-11T16:27:06","date_gmt":"2024-10-11T16:27:06","guid":{"rendered":"https:\/\/bcmimprovement.com\/site1\/producto\/antivirus-kaspersky-kaspersky-antivirus\/"},"modified":"2024-10-11T16:27:38","modified_gmt":"2024-10-11T16:27:38","slug":"antivirus-kaspersky-kaspersky-antivirus","status":"publish","type":"product","link":"https:\/\/bcmimprovement.com\/site1\/producto\/antivirus-kaspersky-kaspersky-antivirus\/","title":{"rendered":"Antivirus KASPERSKY Kaspersky Antivirus"},"content":{"rendered":"<p>Antivirus KASPERSKY Kaspersky Antivirus &#8211; 1 licencia, 2 a\u00f1o(s), 480 MB<\/p>\n<p>Cantidad de licencia: 1 licencia<br \/>\nVersi\u00f3n de idioma: Espa\u00f1ol<br \/>\nN\u00famero de a\u00f1os: 2 a\u00f1os<br \/>\nTipo de licencia: Antivirus<\/p>\n","protected":false},"excerpt":{"rendered":"<p><strong>Antivirus KASPERSKY Kaspersky Antivirus &#8211; 1 licencia, 2 a\u00f1o(s), 480 MB<\/strong><\/p>\n","protected":false},"featured_media":22152,"comment_status":"closed","ping_status":"open","template":"","meta":[],"product_cat":[174,173],"product_tag":[],"class_list":{"0":"post-22151","1":"product","2":"type-product","3":"status-publish","4":"has-post-thumbnail","6":"product_cat-antivirus","7":"product_cat-seguridad","9":"first","10":"instock","11":"product-type-simple"},"_links":{"self":[{"href":"https:\/\/bcmimprovement.com\/site1\/wp-json\/wp\/v2\/product\/22151","targetHints":{"allow":["GET"]}}],"collection":[{"href":"https:\/\/bcmimprovement.com\/site1\/wp-json\/wp\/v2\/product"}],"about":[{"href":"https:\/\/bcmimprovement.com\/site1\/wp-json\/wp\/v2\/types\/product"}],"replies":[{"embeddable":true,"href":"https:\/\/bcmimprovement.com\/site1\/wp-json\/wp\/v2\/comments?post=22151"}],"wp:featuredmedia":[{"embeddable":true,"href":"https:\/\/bcmimprovement.com\/site1\/wp-json\/wp\/v2\/media\/22152"}],"wp:attachment":[{"href":"https:\/\/bcmimprovement.com\/site1\/wp-json\/wp\/v2\/media?parent=22151"}],"wp:term":[{"taxonomy":"product_cat","embeddable":true,"href":"https:\/\/bcmimprovement.com\/site1\/wp-json\/wp\/v2\/product_cat?post=22151"},{"taxonomy":"product_tag","embeddable":true,"href":"https:\/\/bcmimprovement.com\/site1\/wp-json\/wp\/v2\/product_tag?post=22151"}],"curies":[{"name":"wp","href":"https:\/\/api.w.org\/{rel}","templated":true}]}}