{"id":22155,"date":"2024-10-11T16:28:04","date_gmt":"2024-10-11T16:28:04","guid":{"rendered":"https:\/\/bcmimprovement.com\/site1\/producto\/antivirus-kaspersky-kaspersky-antivirus-3\/"},"modified":"2024-10-11T16:28:04","modified_gmt":"2024-10-11T16:28:04","slug":"antivirus-kaspersky-kaspersky-antivirus-3","status":"publish","type":"product","link":"https:\/\/bcmimprovement.com\/site1\/producto\/antivirus-kaspersky-kaspersky-antivirus-3\/","title":{"rendered":"Antivirus KASPERSKY Kaspersky Antivirus"},"content":{"rendered":"<p>Antivirus KASPERSKY Kaspersky Antivirus &#8211; 5 licencias, 2 a\u00f1o(s)<\/p>\n<p>Versi\u00f3n de idioma: Espa\u00f1ol<br \/>\nN\u00famero de a\u00f1os: 2 a\u00f1os<br \/>\nCantidad de licencia: 5 licencias<br \/>\nTipo de licencia: Antivirus<\/p>\n","protected":false},"excerpt":{"rendered":"<p><strong>Antivirus KASPERSKY Kaspersky Antivirus &#8211; 5 licencias, 2 a\u00f1o(s)<\/strong><\/p>\n","protected":false},"featured_media":22156,"comment_status":"closed","ping_status":"open","template":"","meta":[],"product_cat":[174,173],"product_tag":[],"class_list":{"0":"post-22155","1":"product","2":"type-product","3":"status-publish","4":"has-post-thumbnail","6":"product_cat-antivirus","7":"product_cat-seguridad","9":"first","10":"instock","11":"product-type-simple"},"_links":{"self":[{"href":"https:\/\/bcmimprovement.com\/site1\/wp-json\/wp\/v2\/product\/22155","targetHints":{"allow":["GET"]}}],"collection":[{"href":"https:\/\/bcmimprovement.com\/site1\/wp-json\/wp\/v2\/product"}],"about":[{"href":"https:\/\/bcmimprovement.com\/site1\/wp-json\/wp\/v2\/types\/product"}],"replies":[{"embeddable":true,"href":"https:\/\/bcmimprovement.com\/site1\/wp-json\/wp\/v2\/comments?post=22155"}],"wp:featuredmedia":[{"embeddable":true,"href":"https:\/\/bcmimprovement.com\/site1\/wp-json\/wp\/v2\/media\/22156"}],"wp:attachment":[{"href":"https:\/\/bcmimprovement.com\/site1\/wp-json\/wp\/v2\/media?parent=22155"}],"wp:term":[{"taxonomy":"product_cat","embeddable":true,"href":"https:\/\/bcmimprovement.com\/site1\/wp-json\/wp\/v2\/product_cat?post=22155"},{"taxonomy":"product_tag","embeddable":true,"href":"https:\/\/bcmimprovement.com\/site1\/wp-json\/wp\/v2\/product_tag?post=22155"}],"curies":[{"name":"wp","href":"https:\/\/api.w.org\/{rel}","templated":true}]}}