{"id":22227,"date":"2024-10-11T16:29:24","date_gmt":"2024-10-11T16:29:24","guid":{"rendered":"https:\/\/bcmimprovement.com\/site1\/producto\/antivirus-kaspersky-security-for-business-precio-por-licencia-3\/"},"modified":"2024-10-11T16:29:37","modified_gmt":"2024-10-11T16:29:37","slug":"antivirus-kaspersky-security-for-business-precio-por-licencia-3","status":"publish","type":"product","link":"https:\/\/bcmimprovement.com\/site1\/producto\/antivirus-kaspersky-security-for-business-precio-por-licencia-3\/","title":{"rendered":"Antivirus KASPERSKY Security for Business *PRECIO POR LICENCIA*"},"content":{"rendered":"<p>Antivirus KASPERSKY Security for Business *PRECIO POR LICENCIA* &#8211; Antivirus, 25-49 licencias, 3 a\u00f1os<\/p>\n<p>Cantidad de licencia: 25-49 licencias<br \/>\nVersi\u00f3n de idioma: Espa\u00f1ol<br \/>\nN\u00famero de a\u00f1os: 3 a\u00f1os<br \/>\nTipo de licencia: Antivirus<\/p>\n","protected":false},"excerpt":{"rendered":"<p><strong>Antivirus KASPERSKY Security for Business *PRECIO POR LICENCIA* &#8211; Antivirus, 25-49 licencias, 3 a\u00f1os<\/strong><\/p>\n","protected":false},"featured_media":22228,"comment_status":"closed","ping_status":"open","template":"","meta":[],"product_cat":[174,173],"product_tag":[],"class_list":{"0":"post-22227","1":"product","2":"type-product","3":"status-publish","4":"has-post-thumbnail","6":"product_cat-antivirus","7":"product_cat-seguridad","9":"first","10":"instock","11":"product-type-simple"},"_links":{"self":[{"href":"https:\/\/bcmimprovement.com\/site1\/wp-json\/wp\/v2\/product\/22227","targetHints":{"allow":["GET"]}}],"collection":[{"href":"https:\/\/bcmimprovement.com\/site1\/wp-json\/wp\/v2\/product"}],"about":[{"href":"https:\/\/bcmimprovement.com\/site1\/wp-json\/wp\/v2\/types\/product"}],"replies":[{"embeddable":true,"href":"https:\/\/bcmimprovement.com\/site1\/wp-json\/wp\/v2\/comments?post=22227"}],"wp:featuredmedia":[{"embeddable":true,"href":"https:\/\/bcmimprovement.com\/site1\/wp-json\/wp\/v2\/media\/22228"}],"wp:attachment":[{"href":"https:\/\/bcmimprovement.com\/site1\/wp-json\/wp\/v2\/media?parent=22227"}],"wp:term":[{"taxonomy":"product_cat","embeddable":true,"href":"https:\/\/bcmimprovement.com\/site1\/wp-json\/wp\/v2\/product_cat?post=22227"},{"taxonomy":"product_tag","embeddable":true,"href":"https:\/\/bcmimprovement.com\/site1\/wp-json\/wp\/v2\/product_tag?post=22227"}],"curies":[{"name":"wp","href":"https:\/\/api.w.org\/{rel}","templated":true}]}}