{"id":22239,"date":"2024-10-11T16:29:24","date_gmt":"2024-10-11T16:29:24","guid":{"rendered":"https:\/\/bcmimprovement.com\/site1\/producto\/antivirus-bitdefender-tmbd-406\/"},"modified":"2024-10-11T16:29:46","modified_gmt":"2024-10-11T16:29:46","slug":"antivirus-bitdefender-tmbd-406","status":"publish","type":"product","link":"https:\/\/bcmimprovement.com\/site1\/producto\/antivirus-bitdefender-tmbd-406\/","title":{"rendered":"Antivirus BITDEFENDER TMBD-406"},"content":{"rendered":"<p>Antivirus BITDEFENDER TMBD-406 &#8211; 3 licencias, 1 A\u00f1o(s)<\/p>\n<p>EAN: 8759854142900<\/p>\n<p>N\u00famero de a\u00f1os: 1 A\u00f1o(s)<br \/>\nVersi\u00f3n de idioma: Espa\u00f1ol<br \/>\nCantidad de licencia: 3 licencias<br \/>\nTipo de licencia: Antivirus<\/p>\n","protected":false},"excerpt":{"rendered":"<p><strong>Antivirus BITDEFENDER TMBD-406 &#8211; 3 licencias, 1 A\u00f1o(s)<\/strong><\/p>\n","protected":false},"featured_media":22240,"comment_status":"closed","ping_status":"open","template":"","meta":[],"product_cat":[174,173],"product_tag":[],"class_list":{"0":"post-22239","1":"product","2":"type-product","3":"status-publish","4":"has-post-thumbnail","6":"product_cat-antivirus","7":"product_cat-seguridad","9":"first","10":"instock","11":"product-type-simple"},"_links":{"self":[{"href":"https:\/\/bcmimprovement.com\/site1\/wp-json\/wp\/v2\/product\/22239","targetHints":{"allow":["GET"]}}],"collection":[{"href":"https:\/\/bcmimprovement.com\/site1\/wp-json\/wp\/v2\/product"}],"about":[{"href":"https:\/\/bcmimprovement.com\/site1\/wp-json\/wp\/v2\/types\/product"}],"replies":[{"embeddable":true,"href":"https:\/\/bcmimprovement.com\/site1\/wp-json\/wp\/v2\/comments?post=22239"}],"wp:featuredmedia":[{"embeddable":true,"href":"https:\/\/bcmimprovement.com\/site1\/wp-json\/wp\/v2\/media\/22240"}],"wp:attachment":[{"href":"https:\/\/bcmimprovement.com\/site1\/wp-json\/wp\/v2\/media?parent=22239"}],"wp:term":[{"taxonomy":"product_cat","embeddable":true,"href":"https:\/\/bcmimprovement.com\/site1\/wp-json\/wp\/v2\/product_cat?post=22239"},{"taxonomy":"product_tag","embeddable":true,"href":"https:\/\/bcmimprovement.com\/site1\/wp-json\/wp\/v2\/product_tag?post=22239"}],"curies":[{"name":"wp","href":"https:\/\/api.w.org\/{rel}","templated":true}]}}