{"id":22249,"date":"2024-10-11T16:29:24","date_gmt":"2024-10-11T16:29:24","guid":{"rendered":"https:\/\/bcmimprovement.com\/site1\/producto\/antivirus-eset-multidevice-security\/"},"modified":"2024-10-11T16:29:54","modified_gmt":"2024-10-11T16:29:54","slug":"antivirus-eset-multidevice-security","status":"publish","type":"product","link":"https:\/\/bcmimprovement.com\/site1\/producto\/antivirus-eset-multidevice-security\/","title":{"rendered":"Antivirus ESET Multidevice Security"},"content":{"rendered":"<p>Antivirus ESET Multidevice Security &#8211; 3 licencias, 1 A\u00f1o(s), Caja<\/p>\n<p>EAN: 8588008230817<\/p>\n<p>N\u00famero de a\u00f1os: 1 A\u00f1o(s)<br \/>\nVersi\u00f3n de idioma: Espa\u00f1ol<br \/>\nCantidad de licencia: 3 licencias<br \/>\nTipo de licencia: Antivirus<\/p>\n","protected":false},"excerpt":{"rendered":"<p><strong>Antivirus ESET Multidevice Security &#8211; 3 licencias, 1 A\u00f1o(s), Caja<\/strong><\/p>\n","protected":false},"featured_media":22250,"comment_status":"closed","ping_status":"open","template":"","meta":[],"product_cat":[174,173],"product_tag":[],"class_list":{"0":"post-22249","1":"product","2":"type-product","3":"status-publish","4":"has-post-thumbnail","6":"product_cat-antivirus","7":"product_cat-seguridad","9":"first","10":"instock","11":"product-type-simple"},"_links":{"self":[{"href":"https:\/\/bcmimprovement.com\/site1\/wp-json\/wp\/v2\/product\/22249","targetHints":{"allow":["GET"]}}],"collection":[{"href":"https:\/\/bcmimprovement.com\/site1\/wp-json\/wp\/v2\/product"}],"about":[{"href":"https:\/\/bcmimprovement.com\/site1\/wp-json\/wp\/v2\/types\/product"}],"replies":[{"embeddable":true,"href":"https:\/\/bcmimprovement.com\/site1\/wp-json\/wp\/v2\/comments?post=22249"}],"wp:featuredmedia":[{"embeddable":true,"href":"https:\/\/bcmimprovement.com\/site1\/wp-json\/wp\/v2\/media\/22250"}],"wp:attachment":[{"href":"https:\/\/bcmimprovement.com\/site1\/wp-json\/wp\/v2\/media?parent=22249"}],"wp:term":[{"taxonomy":"product_cat","embeddable":true,"href":"https:\/\/bcmimprovement.com\/site1\/wp-json\/wp\/v2\/product_cat?post=22249"},{"taxonomy":"product_tag","embeddable":true,"href":"https:\/\/bcmimprovement.com\/site1\/wp-json\/wp\/v2\/product_tag?post=22249"}],"curies":[{"name":"wp","href":"https:\/\/api.w.org\/{rel}","templated":true}]}}