{"id":22259,"date":"2024-10-11T16:30:01","date_gmt":"2024-10-11T16:30:01","guid":{"rendered":"https:\/\/bcmimprovement.com\/site1\/producto\/antivirus-eset-small-office-security-pack-2\/"},"modified":"2024-10-11T16:30:06","modified_gmt":"2024-10-11T16:30:06","slug":"antivirus-eset-small-office-security-pack-2","status":"publish","type":"product","link":"https:\/\/bcmimprovement.com\/site1\/producto\/antivirus-eset-small-office-security-pack-2\/","title":{"rendered":"Antivirus ESET Small Office Security Pack"},"content":{"rendered":"<p>Antivirus ESET Small Office Security Pack &#8211; Antivirus, 10 licencias, 1 A\u00f1o(s), Espa\u00f1ol<\/p>\n<p>EAN: 8588006241129<\/p>\n<p>N\u00famero de a\u00f1os: 1 A\u00f1o(s)<br \/>\nCantidad de licencia: 10 licencias<br \/>\nVersi\u00f3n de idioma: Espa\u00f1ol<br \/>\nTipo de licencia: Antivirus<\/p>\n","protected":false},"excerpt":{"rendered":"<p><strong>Antivirus ESET Small Office Security Pack &#8211; Antivirus, 10 licencias, 1 A\u00f1o(s), Espa\u00f1ol<\/strong><\/p>\n","protected":false},"featured_media":22260,"comment_status":"closed","ping_status":"open","template":"","meta":[],"product_cat":[174,173],"product_tag":[],"class_list":{"0":"post-22259","1":"product","2":"type-product","3":"status-publish","4":"has-post-thumbnail","6":"product_cat-antivirus","7":"product_cat-seguridad","9":"first","10":"instock","11":"product-type-simple"},"_links":{"self":[{"href":"https:\/\/bcmimprovement.com\/site1\/wp-json\/wp\/v2\/product\/22259","targetHints":{"allow":["GET"]}}],"collection":[{"href":"https:\/\/bcmimprovement.com\/site1\/wp-json\/wp\/v2\/product"}],"about":[{"href":"https:\/\/bcmimprovement.com\/site1\/wp-json\/wp\/v2\/types\/product"}],"replies":[{"embeddable":true,"href":"https:\/\/bcmimprovement.com\/site1\/wp-json\/wp\/v2\/comments?post=22259"}],"wp:featuredmedia":[{"embeddable":true,"href":"https:\/\/bcmimprovement.com\/site1\/wp-json\/wp\/v2\/media\/22260"}],"wp:attachment":[{"href":"https:\/\/bcmimprovement.com\/site1\/wp-json\/wp\/v2\/media?parent=22259"}],"wp:term":[{"taxonomy":"product_cat","embeddable":true,"href":"https:\/\/bcmimprovement.com\/site1\/wp-json\/wp\/v2\/product_cat?post=22259"},{"taxonomy":"product_tag","embeddable":true,"href":"https:\/\/bcmimprovement.com\/site1\/wp-json\/wp\/v2\/product_tag?post=22259"}],"curies":[{"name":"wp","href":"https:\/\/api.w.org\/{rel}","templated":true}]}}