{"id":22299,"date":"2024-10-11T16:30:01","date_gmt":"2024-10-11T16:30:01","guid":{"rendered":"https:\/\/bcmimprovement.com\/site1\/producto\/antivirus-cloud-kaspersky-endpoint-security-cloud-plus-2\/"},"modified":"2024-10-11T16:30:24","modified_gmt":"2024-10-11T16:30:24","slug":"antivirus-cloud-kaspersky-endpoint-security-cloud-plus-2","status":"publish","type":"product","link":"https:\/\/bcmimprovement.com\/site1\/producto\/antivirus-cloud-kaspersky-endpoint-security-cloud-plus-2\/","title":{"rendered":"Antivirus Cloud KASPERSKY Endpoint Security Cloud Plus"},"content":{"rendered":"<p>Antivirus Cloud KASPERSKY Endpoint Security Cloud Plus &#8211; Base, 10-14 licencias, 2 a\u00f1os<\/p>\n<p>Versi\u00f3n de idioma: Espa\u00f1ol<br \/>\nN\u00famero de a\u00f1os: 2 a\u00f1os<br \/>\nCantidad de licencia: 10-14 licencias<br \/>\nTipo de licencia: Antivirus<\/p>\n","protected":false},"excerpt":{"rendered":"<p><strong>Antivirus Cloud KASPERSKY Endpoint Security Cloud Plus &#8211; Base, 10-14 licencias, 2 a\u00f1os<\/strong><\/p>\n","protected":false},"featured_media":22300,"comment_status":"closed","ping_status":"open","template":"","meta":[],"product_cat":[174,173],"product_tag":[],"class_list":{"0":"post-22299","1":"product","2":"type-product","3":"status-publish","4":"has-post-thumbnail","6":"product_cat-antivirus","7":"product_cat-seguridad","9":"first","10":"instock","11":"product-type-simple"},"_links":{"self":[{"href":"https:\/\/bcmimprovement.com\/site1\/wp-json\/wp\/v2\/product\/22299","targetHints":{"allow":["GET"]}}],"collection":[{"href":"https:\/\/bcmimprovement.com\/site1\/wp-json\/wp\/v2\/product"}],"about":[{"href":"https:\/\/bcmimprovement.com\/site1\/wp-json\/wp\/v2\/types\/product"}],"replies":[{"embeddable":true,"href":"https:\/\/bcmimprovement.com\/site1\/wp-json\/wp\/v2\/comments?post=22299"}],"wp:featuredmedia":[{"embeddable":true,"href":"https:\/\/bcmimprovement.com\/site1\/wp-json\/wp\/v2\/media\/22300"}],"wp:attachment":[{"href":"https:\/\/bcmimprovement.com\/site1\/wp-json\/wp\/v2\/media?parent=22299"}],"wp:term":[{"taxonomy":"product_cat","embeddable":true,"href":"https:\/\/bcmimprovement.com\/site1\/wp-json\/wp\/v2\/product_cat?post=22299"},{"taxonomy":"product_tag","embeddable":true,"href":"https:\/\/bcmimprovement.com\/site1\/wp-json\/wp\/v2\/product_tag?post=22299"}],"curies":[{"name":"wp","href":"https:\/\/api.w.org\/{rel}","templated":true}]}}