{"id":22345,"date":"2024-10-11T16:30:31","date_gmt":"2024-10-11T16:30:31","guid":{"rendered":"https:\/\/bcmimprovement.com\/site1\/producto\/antivirus-norton-21443264\/"},"modified":"2024-10-11T16:31:06","modified_gmt":"2024-10-11T16:31:06","slug":"antivirus-norton-21443264","status":"publish","type":"product","link":"https:\/\/bcmimprovement.com\/site1\/producto\/antivirus-norton-21443264\/","title":{"rendered":"Antivirus NORTON 21443264"},"content":{"rendered":"<p>NORTON 360 ADVANCED 10D 1A 21443264 &#8211;<\/p>\n<p>N\u00famero de a\u00f1os: 1 A\u00f1o(s)<br \/>\nCantidad de licencia: 10 licencias<br \/>\nTipo de licencia: Antivirus<\/p>\n","protected":false},"excerpt":{"rendered":"<p><strong>NORTON 360 ADVANCED 10D 1A 21443264 &#8211;<\/strong><\/p>\n","protected":false},"featured_media":22346,"comment_status":"closed","ping_status":"open","template":"","meta":[],"product_cat":[174,173],"product_tag":[],"class_list":{"0":"post-22345","1":"product","2":"type-product","3":"status-publish","4":"has-post-thumbnail","6":"product_cat-antivirus","7":"product_cat-seguridad","9":"first","10":"instock","11":"product-type-simple"},"_links":{"self":[{"href":"https:\/\/bcmimprovement.com\/site1\/wp-json\/wp\/v2\/product\/22345","targetHints":{"allow":["GET"]}}],"collection":[{"href":"https:\/\/bcmimprovement.com\/site1\/wp-json\/wp\/v2\/product"}],"about":[{"href":"https:\/\/bcmimprovement.com\/site1\/wp-json\/wp\/v2\/types\/product"}],"replies":[{"embeddable":true,"href":"https:\/\/bcmimprovement.com\/site1\/wp-json\/wp\/v2\/comments?post=22345"}],"wp:featuredmedia":[{"embeddable":true,"href":"https:\/\/bcmimprovement.com\/site1\/wp-json\/wp\/v2\/media\/22346"}],"wp:attachment":[{"href":"https:\/\/bcmimprovement.com\/site1\/wp-json\/wp\/v2\/media?parent=22345"}],"wp:term":[{"taxonomy":"product_cat","embeddable":true,"href":"https:\/\/bcmimprovement.com\/site1\/wp-json\/wp\/v2\/product_cat?post=22345"},{"taxonomy":"product_tag","embeddable":true,"href":"https:\/\/bcmimprovement.com\/site1\/wp-json\/wp\/v2\/product_tag?post=22345"}],"curies":[{"name":"wp","href":"https:\/\/api.w.org\/{rel}","templated":true}]}}