{"id":22403,"date":"2024-10-11T16:31:21","date_gmt":"2024-10-11T16:31:21","guid":{"rendered":"https:\/\/bcmimprovement.com\/site1\/producto\/antivirus-1-dispositivo-1-ano-kaspersky-kl1041z5afs-22\/"},"modified":"2024-10-11T16:31:42","modified_gmt":"2024-10-11T16:31:42","slug":"antivirus-1-dispositivo-1-ano-kaspersky-kl1041z5afs-22","status":"publish","type":"product","link":"https:\/\/bcmimprovement.com\/site1\/producto\/antivirus-1-dispositivo-1-ano-kaspersky-kl1041z5afs-22\/","title":{"rendered":"Antivirus 1 dispositivo 1 a\u00f1o KASPERSKY KL1041Z5AFS-22"},"content":{"rendered":"<p>KASPERSKY STANDARD 1 DISPOSITIVO 1 A\u00d1O (ANTI-VIRUS) &#8211;<\/p>\n<p>UPC: 787790341109<\/p>\n<p>N\u00famero de a\u00f1os: 1 A\u00f1o(s)<br \/>\nCantidad de licencia: 1 licencia<br \/>\nVersi\u00f3n de idioma: Espa\u00f1ol<br \/>\nTipo de licencia: Antivirus<\/p>\n","protected":false},"excerpt":{"rendered":"<p><strong>KASPERSKY STANDARD 1 DISPOSITIVO 1 A\u00d1O (ANTI-VIRUS) &#8211;<\/strong><\/p>\n","protected":false},"featured_media":22404,"comment_status":"closed","ping_status":"open","template":"","meta":[],"product_cat":[174,173],"product_tag":[],"class_list":{"0":"post-22403","1":"product","2":"type-product","3":"status-publish","4":"has-post-thumbnail","6":"product_cat-antivirus","7":"product_cat-seguridad","9":"first","10":"instock","11":"product-type-simple"},"_links":{"self":[{"href":"https:\/\/bcmimprovement.com\/site1\/wp-json\/wp\/v2\/product\/22403","targetHints":{"allow":["GET"]}}],"collection":[{"href":"https:\/\/bcmimprovement.com\/site1\/wp-json\/wp\/v2\/product"}],"about":[{"href":"https:\/\/bcmimprovement.com\/site1\/wp-json\/wp\/v2\/types\/product"}],"replies":[{"embeddable":true,"href":"https:\/\/bcmimprovement.com\/site1\/wp-json\/wp\/v2\/comments?post=22403"}],"wp:featuredmedia":[{"embeddable":true,"href":"https:\/\/bcmimprovement.com\/site1\/wp-json\/wp\/v2\/media\/22404"}],"wp:attachment":[{"href":"https:\/\/bcmimprovement.com\/site1\/wp-json\/wp\/v2\/media?parent=22403"}],"wp:term":[{"taxonomy":"product_cat","embeddable":true,"href":"https:\/\/bcmimprovement.com\/site1\/wp-json\/wp\/v2\/product_cat?post=22403"},{"taxonomy":"product_tag","embeddable":true,"href":"https:\/\/bcmimprovement.com\/site1\/wp-json\/wp\/v2\/product_tag?post=22403"}],"curies":[{"name":"wp","href":"https:\/\/api.w.org\/{rel}","templated":true}]}}