{"id":22413,"date":"2024-10-11T16:31:57","date_gmt":"2024-10-11T16:31:57","guid":{"rendered":"https:\/\/bcmimprovement.com\/site1\/producto\/antivirus-kaspersky-kl1042z5cfs-22\/"},"modified":"2024-10-11T16:32:38","modified_gmt":"2024-10-11T16:32:38","slug":"antivirus-kaspersky-kl1042z5cfs-22","status":"publish","type":"product","link":"https:\/\/bcmimprovement.com\/site1\/producto\/antivirus-kaspersky-kl1042z5cfs-22\/","title":{"rendered":"Antivirus KASPERSKY KL1042Z5CFS-22"},"content":{"rendered":"<p>Antivirus KASPERSKY KL1042Z5CFS-22 &#8211; Antivirus, 3 licencias, 1 A\u00f1o(s), Espa\u00f1ol<\/p>\n<p>UPC: 787790341604<\/p>\n<p>N\u00famero de a\u00f1os: 1 A\u00f1o(s)<br \/>\nVersi\u00f3n de idioma: Espa\u00f1ol<br \/>\nCantidad de licencia: 3 licencias<br \/>\nTipo de licencia: Antivirus<\/p>\n","protected":false},"excerpt":{"rendered":"<p><strong>Antivirus KASPERSKY KL1042Z5CFS-22 &#8211; Antivirus, 3 licencias, 1 A\u00f1o(s), Espa\u00f1ol<\/strong><\/p>\n","protected":false},"featured_media":22414,"comment_status":"closed","ping_status":"open","template":"","meta":[],"product_cat":[174,173],"product_tag":[],"class_list":{"0":"post-22413","1":"product","2":"type-product","3":"status-publish","4":"has-post-thumbnail","6":"product_cat-antivirus","7":"product_cat-seguridad","9":"first","10":"instock","11":"product-type-simple"},"_links":{"self":[{"href":"https:\/\/bcmimprovement.com\/site1\/wp-json\/wp\/v2\/product\/22413","targetHints":{"allow":["GET"]}}],"collection":[{"href":"https:\/\/bcmimprovement.com\/site1\/wp-json\/wp\/v2\/product"}],"about":[{"href":"https:\/\/bcmimprovement.com\/site1\/wp-json\/wp\/v2\/types\/product"}],"replies":[{"embeddable":true,"href":"https:\/\/bcmimprovement.com\/site1\/wp-json\/wp\/v2\/comments?post=22413"}],"wp:featuredmedia":[{"embeddable":true,"href":"https:\/\/bcmimprovement.com\/site1\/wp-json\/wp\/v2\/media\/22414"}],"wp:attachment":[{"href":"https:\/\/bcmimprovement.com\/site1\/wp-json\/wp\/v2\/media?parent=22413"}],"wp:term":[{"taxonomy":"product_cat","embeddable":true,"href":"https:\/\/bcmimprovement.com\/site1\/wp-json\/wp\/v2\/product_cat?post=22413"},{"taxonomy":"product_tag","embeddable":true,"href":"https:\/\/bcmimprovement.com\/site1\/wp-json\/wp\/v2\/product_tag?post=22413"}],"curies":[{"name":"wp","href":"https:\/\/api.w.org\/{rel}","templated":true}]}}