{"id":22813,"date":"2024-10-11T16:40:01","date_gmt":"2024-10-11T16:40:01","guid":{"rendered":"https:\/\/bcmimprovement.com\/site1\/producto\/pizarron-multimedia-screens-pmb180\/"},"modified":"2024-10-11T16:40:08","modified_gmt":"2024-10-11T16:40:08","slug":"pizarron-multimedia-screens-pmb180","status":"publish","type":"product","link":"https:\/\/bcmimprovement.com\/site1\/producto\/pizarron-multimedia-screens-pmb180\/","title":{"rendered":"Pizarr\u00f3n Multimedia Screens PMB180"},"content":{"rendered":"<p>Pizarr\u00f3n blanco doble cara 120 cm x 180 cm PMB180 con soporte m\u00f3vil giratorio marca Multimedia &#8211;<\/p>\n","protected":false},"excerpt":{"rendered":"<p><strong>Pizarr\u00f3n blanco doble cara 120 cm x 180 cm PMB180 con soporte m\u00f3vil giratorio marca Multimedia &#8211;<\/strong><\/p>\n","protected":false},"featured_media":22814,"comment_status":"closed","ping_status":"open","template":"","meta":[],"product_cat":[176,175],"product_tag":[],"class_list":{"0":"post-22813","1":"product","2":"type-product","3":"status-publish","4":"has-post-thumbnail","6":"product_cat-pizarrones-interactivos","7":"product_cat-senalizacion-digital","9":"first","10":"instock","11":"product-type-simple"},"_links":{"self":[{"href":"https:\/\/bcmimprovement.com\/site1\/wp-json\/wp\/v2\/product\/22813","targetHints":{"allow":["GET"]}}],"collection":[{"href":"https:\/\/bcmimprovement.com\/site1\/wp-json\/wp\/v2\/product"}],"about":[{"href":"https:\/\/bcmimprovement.com\/site1\/wp-json\/wp\/v2\/types\/product"}],"replies":[{"embeddable":true,"href":"https:\/\/bcmimprovement.com\/site1\/wp-json\/wp\/v2\/comments?post=22813"}],"wp:featuredmedia":[{"embeddable":true,"href":"https:\/\/bcmimprovement.com\/site1\/wp-json\/wp\/v2\/media\/22814"}],"wp:attachment":[{"href":"https:\/\/bcmimprovement.com\/site1\/wp-json\/wp\/v2\/media?parent=22813"}],"wp:term":[{"taxonomy":"product_cat","embeddable":true,"href":"https:\/\/bcmimprovement.com\/site1\/wp-json\/wp\/v2\/product_cat?post=22813"},{"taxonomy":"product_tag","embeddable":true,"href":"https:\/\/bcmimprovement.com\/site1\/wp-json\/wp\/v2\/product_tag?post=22813"}],"curies":[{"name":"wp","href":"https:\/\/api.w.org\/{rel}","templated":true}]}}