{"id":22878,"date":"2024-10-11T16:55:36","date_gmt":"2024-10-11T16:55:36","guid":{"rendered":"https:\/\/bcmimprovement.com\/site1\/producto\/control-de-asistencia-dahua-technology-dahua-asa1222e\/"},"modified":"2024-10-11T16:55:56","modified_gmt":"2024-10-11T16:55:56","slug":"control-de-asistencia-dahua-technology-dahua-asa1222e","status":"publish","type":"product","link":"https:\/\/bcmimprovement.com\/site1\/producto\/control-de-asistencia-dahua-technology-dahua-asa1222e\/","title":{"rendered":"Control de Asistencia Dahua Technology DAHUA ASA1222E"},"content":{"rendered":"<p>Control de Asistencia Dahua Technology DAHUA ASA1222E &#8211; Biom\u00e9trico, Contrase\u00f1a, Si, Si, 1000 usuario(s), Si<\/p>\n<p>EAN: 6939554945267<\/p>\n<p>Lector de huella digital: Si<br \/>\nTeclado integrado: Si<br \/>\nPantalla incorporada: Si<br \/>\nN\u00famero de usuarios: 1000 usuario(s)<br \/>\nTipo de autenticaci\u00f3n: Biom\u00e9trico, Contrase\u00f1a<\/p>\n","protected":false},"excerpt":{"rendered":"<p><strong>Control de Asistencia Dahua Technology DAHUA ASA1222E &#8211; Biom\u00e9trico, Contrase\u00f1a, Si, Si, 1000 usuario(s), Si<\/strong><\/p>\n","protected":false},"featured_media":22879,"comment_status":"closed","ping_status":"open","template":"","meta":[],"product_cat":[185,181],"product_tag":[],"class_list":{"0":"post-22878","1":"product","2":"type-product","3":"status-publish","4":"has-post-thumbnail","6":"product_cat-checadores","7":"product_cat-sistemas-de-control","9":"first","10":"instock","11":"product-type-simple"},"_links":{"self":[{"href":"https:\/\/bcmimprovement.com\/site1\/wp-json\/wp\/v2\/product\/22878","targetHints":{"allow":["GET"]}}],"collection":[{"href":"https:\/\/bcmimprovement.com\/site1\/wp-json\/wp\/v2\/product"}],"about":[{"href":"https:\/\/bcmimprovement.com\/site1\/wp-json\/wp\/v2\/types\/product"}],"replies":[{"embeddable":true,"href":"https:\/\/bcmimprovement.com\/site1\/wp-json\/wp\/v2\/comments?post=22878"}],"wp:featuredmedia":[{"embeddable":true,"href":"https:\/\/bcmimprovement.com\/site1\/wp-json\/wp\/v2\/media\/22879"}],"wp:attachment":[{"href":"https:\/\/bcmimprovement.com\/site1\/wp-json\/wp\/v2\/media?parent=22878"}],"wp:term":[{"taxonomy":"product_cat","embeddable":true,"href":"https:\/\/bcmimprovement.com\/site1\/wp-json\/wp\/v2\/product_cat?post=22878"},{"taxonomy":"product_tag","embeddable":true,"href":"https:\/\/bcmimprovement.com\/site1\/wp-json\/wp\/v2\/product_tag?post=22878"}],"curies":[{"name":"wp","href":"https:\/\/api.w.org\/{rel}","templated":true}]}}