{"id":23132,"date":"2024-10-11T17:45:43","date_gmt":"2024-10-11T17:45:43","guid":{"rendered":"https:\/\/bcmimprovement.com\/site1\/producto\/actualizacion-contpaqi-nominas-contpaqi-2\/"},"modified":"2024-10-11T17:46:13","modified_gmt":"2024-10-11T17:46:13","slug":"actualizacion-contpaqi-nominas-contpaqi-2","status":"publish","type":"product","link":"https:\/\/bcmimprovement.com\/site1\/producto\/actualizacion-contpaqi-nominas-contpaqi-2\/","title":{"rendered":"Actualizaci\u00f3n CONTPAQi N\u00f3minas CONTPAQi &#8211;"},"content":{"rendered":"<p>CONTPAQi &#8211;  N\u00f3minas &#8211;  Actualizaci\u00f3n  Monousuario  Multiempresa  (Tradicional) &#8211;<\/p>\n<p>Cantidad de licencia: 1 Monousuario<\/p>\n","protected":false},"excerpt":{"rendered":"<p><strong>CONTPAQi &#8211;  N\u00f3minas &#8211;  Actualizaci\u00f3n  Monousuario  Multiempresa  (Tradicional) &#8211;<\/strong><\/p>\n","protected":false},"featured_media":23133,"comment_status":"closed","ping_status":"open","template":"","meta":[],"product_cat":[189,188],"product_tag":[],"class_list":{"0":"post-23132","1":"product","2":"type-product","3":"status-publish","4":"has-post-thumbnail","6":"product_cat-administracion-y-finanzas","7":"product_cat-software","9":"first","10":"instock","11":"product-type-simple"},"_links":{"self":[{"href":"https:\/\/bcmimprovement.com\/site1\/wp-json\/wp\/v2\/product\/23132","targetHints":{"allow":["GET"]}}],"collection":[{"href":"https:\/\/bcmimprovement.com\/site1\/wp-json\/wp\/v2\/product"}],"about":[{"href":"https:\/\/bcmimprovement.com\/site1\/wp-json\/wp\/v2\/types\/product"}],"replies":[{"embeddable":true,"href":"https:\/\/bcmimprovement.com\/site1\/wp-json\/wp\/v2\/comments?post=23132"}],"wp:featuredmedia":[{"embeddable":true,"href":"https:\/\/bcmimprovement.com\/site1\/wp-json\/wp\/v2\/media\/23133"}],"wp:attachment":[{"href":"https:\/\/bcmimprovement.com\/site1\/wp-json\/wp\/v2\/media?parent=23132"}],"wp:term":[{"taxonomy":"product_cat","embeddable":true,"href":"https:\/\/bcmimprovement.com\/site1\/wp-json\/wp\/v2\/product_cat?post=23132"},{"taxonomy":"product_tag","embeddable":true,"href":"https:\/\/bcmimprovement.com\/site1\/wp-json\/wp\/v2\/product_tag?post=23132"}],"curies":[{"name":"wp","href":"https:\/\/api.w.org\/{rel}","templated":true}]}}