{"id":23150,"date":"2024-10-11T17:45:43","date_gmt":"2024-10-11T17:45:43","guid":{"rendered":"https:\/\/bcmimprovement.com\/site1\/producto\/actualizacion-factura-electronica-contpaqi-2\/"},"modified":"2024-10-11T17:46:27","modified_gmt":"2024-10-11T17:46:27","slug":"actualizacion-factura-electronica-contpaqi-2","status":"publish","type":"product","link":"https:\/\/bcmimprovement.com\/site1\/producto\/actualizacion-factura-electronica-contpaqi-2\/","title":{"rendered":"Actualizaci\u00f3n Factura Electr\u00f3nica CONTPAQi &#8211;"},"content":{"rendered":"<p>Actualizaci\u00f3n Factura Electr\u00f3nica CONTPAQi &#8211; 1 Monousuario<\/p>\n<p>Cantidad de licencia: 1 Monousuario<\/p>\n","protected":false},"excerpt":{"rendered":"<p><strong>Actualizaci\u00f3n Factura Electr\u00f3nica CONTPAQi &#8211; 1 Monousuario<\/strong><\/p>\n","protected":false},"featured_media":23151,"comment_status":"closed","ping_status":"open","template":"","meta":[],"product_cat":[189,188],"product_tag":[],"class_list":{"0":"post-23150","1":"product","2":"type-product","3":"status-publish","4":"has-post-thumbnail","6":"product_cat-administracion-y-finanzas","7":"product_cat-software","9":"first","10":"instock","11":"product-type-simple"},"_links":{"self":[{"href":"https:\/\/bcmimprovement.com\/site1\/wp-json\/wp\/v2\/product\/23150","targetHints":{"allow":["GET"]}}],"collection":[{"href":"https:\/\/bcmimprovement.com\/site1\/wp-json\/wp\/v2\/product"}],"about":[{"href":"https:\/\/bcmimprovement.com\/site1\/wp-json\/wp\/v2\/types\/product"}],"replies":[{"embeddable":true,"href":"https:\/\/bcmimprovement.com\/site1\/wp-json\/wp\/v2\/comments?post=23150"}],"wp:featuredmedia":[{"embeddable":true,"href":"https:\/\/bcmimprovement.com\/site1\/wp-json\/wp\/v2\/media\/23151"}],"wp:attachment":[{"href":"https:\/\/bcmimprovement.com\/site1\/wp-json\/wp\/v2\/media?parent=23150"}],"wp:term":[{"taxonomy":"product_cat","embeddable":true,"href":"https:\/\/bcmimprovement.com\/site1\/wp-json\/wp\/v2\/product_cat?post=23150"},{"taxonomy":"product_tag","embeddable":true,"href":"https:\/\/bcmimprovement.com\/site1\/wp-json\/wp\/v2\/product_tag?post=23150"}],"curies":[{"name":"wp","href":"https:\/\/api.w.org\/{rel}","templated":true}]}}