{"id":23316,"date":"2024-10-11T17:51:15","date_gmt":"2024-10-11T17:51:15","guid":{"rendered":"https:\/\/bcmimprovement.com\/site1\/producto\/actualizacion-software-pos-a-version-2020-mybusiness-act20\/"},"modified":"2024-10-11T17:51:32","modified_gmt":"2024-10-11T17:51:32","slug":"actualizacion-software-pos-a-version-2020-mybusiness-act20","status":"publish","type":"product","link":"https:\/\/bcmimprovement.com\/site1\/producto\/actualizacion-software-pos-a-version-2020-mybusiness-act20\/","title":{"rendered":"Actualizaci\u00f3n Software POS a Versi\u00f3n 2020 MyBusiness ACT20"},"content":{"rendered":"<p>Actualizaci\u00f3n Software POS 2017 a Versi\u00f3n 2020 MyBusiness ACT20 &#8211;<\/p>\n","protected":false},"excerpt":{"rendered":"<p><strong>Actualizaci\u00f3n Software POS 2017 a Versi\u00f3n 2020 MyBusiness ACT20 &#8211;<\/strong><\/p>\n","protected":false},"featured_media":23317,"comment_status":"closed","ping_status":"open","template":"","meta":[],"product_cat":[188,190],"product_tag":[],"class_list":{"0":"post-23316","1":"product","2":"type-product","3":"status-publish","4":"has-post-thumbnail","6":"product_cat-software","7":"product_cat-software-punto-de-venta","9":"first","10":"instock","11":"product-type-simple"},"_links":{"self":[{"href":"https:\/\/bcmimprovement.com\/site1\/wp-json\/wp\/v2\/product\/23316","targetHints":{"allow":["GET"]}}],"collection":[{"href":"https:\/\/bcmimprovement.com\/site1\/wp-json\/wp\/v2\/product"}],"about":[{"href":"https:\/\/bcmimprovement.com\/site1\/wp-json\/wp\/v2\/types\/product"}],"replies":[{"embeddable":true,"href":"https:\/\/bcmimprovement.com\/site1\/wp-json\/wp\/v2\/comments?post=23316"}],"wp:featuredmedia":[{"embeddable":true,"href":"https:\/\/bcmimprovement.com\/site1\/wp-json\/wp\/v2\/media\/23317"}],"wp:attachment":[{"href":"https:\/\/bcmimprovement.com\/site1\/wp-json\/wp\/v2\/media?parent=23316"}],"wp:term":[{"taxonomy":"product_cat","embeddable":true,"href":"https:\/\/bcmimprovement.com\/site1\/wp-json\/wp\/v2\/product_cat?post=23316"},{"taxonomy":"product_tag","embeddable":true,"href":"https:\/\/bcmimprovement.com\/site1\/wp-json\/wp\/v2\/product_tag?post=23316"}],"curies":[{"name":"wp","href":"https:\/\/api.w.org\/{rel}","templated":true}]}}