{"id":23438,"date":"2024-10-11T17:56:03","date_gmt":"2024-10-11T17:56:03","guid":{"rendered":"https:\/\/bcmimprovement.com\/site1\/producto\/windows-server-cal-espanol-2022-microsoft-r18-06458\/"},"modified":"2024-10-11T17:56:05","modified_gmt":"2024-10-11T17:56:05","slug":"windows-server-cal-espanol-2022-microsoft-r18-06458","status":"publish","type":"product","link":"https:\/\/bcmimprovement.com\/site1\/producto\/windows-server-cal-espanol-2022-microsoft-r18-06458\/","title":{"rendered":"Windows Server CAL Espa\u00f1ol 2022 MICROSOFT R18-06458"},"content":{"rendered":"<p>Windows Server CAL Espa\u00f1ol 2022 MICROSOFT R18-06458 &#8211; Server CAL Espa\u00f1ol<\/p>\n<p>UPC: 889842771831<\/p>\n<p>Versi\u00f3n de Software: Server CAL Espa\u00f1ol<\/p>\n","protected":false},"excerpt":{"rendered":"<p><strong>Windows Server CAL Espa\u00f1ol 2022 MICROSOFT R18-06458 &#8211; Server CAL Espa\u00f1ol<\/strong><\/p>\n","protected":false},"featured_media":23439,"comment_status":"closed","ping_status":"open","template":"","meta":[],"product_cat":[191,188],"product_tag":[],"class_list":{"0":"post-23438","1":"product","2":"type-product","3":"status-publish","4":"has-post-thumbnail","6":"product_cat-sistema-operativo","7":"product_cat-software","9":"first","10":"instock","11":"product-type-simple"},"_links":{"self":[{"href":"https:\/\/bcmimprovement.com\/site1\/wp-json\/wp\/v2\/product\/23438","targetHints":{"allow":["GET"]}}],"collection":[{"href":"https:\/\/bcmimprovement.com\/site1\/wp-json\/wp\/v2\/product"}],"about":[{"href":"https:\/\/bcmimprovement.com\/site1\/wp-json\/wp\/v2\/types\/product"}],"replies":[{"embeddable":true,"href":"https:\/\/bcmimprovement.com\/site1\/wp-json\/wp\/v2\/comments?post=23438"}],"wp:featuredmedia":[{"embeddable":true,"href":"https:\/\/bcmimprovement.com\/site1\/wp-json\/wp\/v2\/media\/23439"}],"wp:attachment":[{"href":"https:\/\/bcmimprovement.com\/site1\/wp-json\/wp\/v2\/media?parent=23438"}],"wp:term":[{"taxonomy":"product_cat","embeddable":true,"href":"https:\/\/bcmimprovement.com\/site1\/wp-json\/wp\/v2\/product_cat?post=23438"},{"taxonomy":"product_tag","embeddable":true,"href":"https:\/\/bcmimprovement.com\/site1\/wp-json\/wp\/v2\/product_tag?post=23438"}],"curies":[{"name":"wp","href":"https:\/\/api.w.org\/{rel}","templated":true}]}}