{"id":24057,"date":"2024-10-11T18:34:34","date_gmt":"2024-10-11T18:34:34","guid":{"rendered":"https:\/\/bcmimprovement.com\/site1\/producto\/nvr-provision-4k-provision-isr-nvr8-128rt3u\/"},"modified":"2024-10-11T18:34:53","modified_gmt":"2024-10-11T18:34:53","slug":"nvr-provision-4k-provision-isr-nvr8-128rt3u","status":"publish","type":"product","link":"https:\/\/bcmimprovement.com\/site1\/producto\/nvr-provision-4k-provision-isr-nvr8-128rt3u\/","title":{"rendered":"NVR Provision 4k PROVISION-ISR NVR8-128RT(3U)"},"content":{"rendered":"<p>NVR de 128 canales Via Red &#8211; soporta c\u00e1maras IP de hasta 8 MP, 16xHDD 8 TB, 4K+FHD HDMI, anal\u00edtico detecci\u00f3n facial, Raid, Alarma<\/p>\n<p>Color del producto: Negro<br \/>\nM\u00e1xima resoluci\u00f3n: 3840 x 2160 Pixeles<br \/>\nCanales de entrada de alarma: 8<br \/>\nCanales de entrada de v\u00eddeo: 128<\/p>\n","protected":false},"excerpt":{"rendered":"<p><strong>NVR de 128 canales Via Red &#8211; soporta c\u00e1maras IP de hasta 8 MP, 16xHDD 8 TB, 4K+FHD HDMI, anal\u00edtico detecci\u00f3n facial, Raid, Alarma<\/strong><\/p>\n","protected":false},"featured_media":24058,"comment_status":"closed","ping_status":"open","template":"","meta":[],"product_cat":[203,195],"product_tag":[],"class_list":{"0":"post-24057","1":"product","2":"type-product","3":"status-publish","4":"has-post-thumbnail","6":"product_cat-grabadores-digitales-nvr","7":"product_cat-video-vigilancia","9":"first","10":"instock","11":"product-type-simple"},"_links":{"self":[{"href":"https:\/\/bcmimprovement.com\/site1\/wp-json\/wp\/v2\/product\/24057","targetHints":{"allow":["GET"]}}],"collection":[{"href":"https:\/\/bcmimprovement.com\/site1\/wp-json\/wp\/v2\/product"}],"about":[{"href":"https:\/\/bcmimprovement.com\/site1\/wp-json\/wp\/v2\/types\/product"}],"replies":[{"embeddable":true,"href":"https:\/\/bcmimprovement.com\/site1\/wp-json\/wp\/v2\/comments?post=24057"}],"wp:featuredmedia":[{"embeddable":true,"href":"https:\/\/bcmimprovement.com\/site1\/wp-json\/wp\/v2\/media\/24058"}],"wp:attachment":[{"href":"https:\/\/bcmimprovement.com\/site1\/wp-json\/wp\/v2\/media?parent=24057"}],"wp:term":[{"taxonomy":"product_cat","embeddable":true,"href":"https:\/\/bcmimprovement.com\/site1\/wp-json\/wp\/v2\/product_cat?post=24057"},{"taxonomy":"product_tag","embeddable":true,"href":"https:\/\/bcmimprovement.com\/site1\/wp-json\/wp\/v2\/product_tag?post=24057"}],"curies":[{"name":"wp","href":"https:\/\/api.w.org\/{rel}","templated":true}]}}