{"id":24093,"date":"2024-10-11T18:35:29","date_gmt":"2024-10-11T18:35:29","guid":{"rendered":"https:\/\/bcmimprovement.com\/site1\/producto\/fuente-de-poder-epcom-plk-12-dc-20-abk\/"},"modified":"2024-10-11T18:35:33","modified_gmt":"2024-10-11T18:35:33","slug":"fuente-de-poder-epcom-plk-12-dc-20-abk","status":"publish","type":"product","link":"https:\/\/bcmimprovement.com\/site1\/producto\/fuente-de-poder-epcom-plk-12-dc-20-abk\/","title":{"rendered":"Fuente de Poder EPCOM PLK-12-DC-20-ABK"},"content":{"rendered":"<p>Fuente de Poder EPCOM PLK-12-DC-20-ABK &#8211; Blanco, 90 &#8211; 264 V, 12 &#8211; 14.8 V, Interior, 18<\/p>\n<p>Colocaci\u00f3n soportada: Interior<br \/>\nColor del producto: Blanco<br \/>\nVoltaje de entrada: 90 &#8211; 264 V<br \/>\nN\u00famero m\u00e1ximo de c\u00e1maras soportadas: 18<br \/>\nVoltaje de salida: 12 &#8211; 14.8 V<\/p>\n","protected":false},"excerpt":{"rendered":"<p><strong>Fuente de Poder EPCOM PLK-12-DC-20-ABK &#8211; Blanco, 90 &#8211; 264 V, 12 &#8211; 14.8 V, Interior, 18<\/strong><\/p>\n","protected":false},"featured_media":24094,"comment_status":"closed","ping_status":"open","template":"","meta":[],"product_cat":[198,195],"product_tag":[],"class_list":{"0":"post-24093","1":"product","2":"type-product","3":"status-publish","4":"has-post-thumbnail","6":"product_cat-fuentes-de-poder-para-videovigilancia","7":"product_cat-video-vigilancia","9":"first","10":"instock","11":"product-type-simple"},"_links":{"self":[{"href":"https:\/\/bcmimprovement.com\/site1\/wp-json\/wp\/v2\/product\/24093","targetHints":{"allow":["GET"]}}],"collection":[{"href":"https:\/\/bcmimprovement.com\/site1\/wp-json\/wp\/v2\/product"}],"about":[{"href":"https:\/\/bcmimprovement.com\/site1\/wp-json\/wp\/v2\/types\/product"}],"replies":[{"embeddable":true,"href":"https:\/\/bcmimprovement.com\/site1\/wp-json\/wp\/v2\/comments?post=24093"}],"wp:featuredmedia":[{"embeddable":true,"href":"https:\/\/bcmimprovement.com\/site1\/wp-json\/wp\/v2\/media\/24094"}],"wp:attachment":[{"href":"https:\/\/bcmimprovement.com\/site1\/wp-json\/wp\/v2\/media?parent=24093"}],"wp:term":[{"taxonomy":"product_cat","embeddable":true,"href":"https:\/\/bcmimprovement.com\/site1\/wp-json\/wp\/v2\/product_cat?post=24093"},{"taxonomy":"product_tag","embeddable":true,"href":"https:\/\/bcmimprovement.com\/site1\/wp-json\/wp\/v2\/product_tag?post=24093"}],"curies":[{"name":"wp","href":"https:\/\/api.w.org\/{rel}","templated":true}]}}