{"id":24125,"date":"2024-10-11T18:35:51","date_gmt":"2024-10-11T18:35:51","guid":{"rendered":"https:\/\/bcmimprovement.com\/site1\/producto\/camaras-profesionales-analogicas-hikvision-ds-2cc12d8t-amm\/"},"modified":"2024-10-11T18:35:58","modified_gmt":"2024-10-11T18:35:58","slug":"camaras-profesionales-analogicas-hikvision-ds-2cc12d8t-amm","status":"publish","type":"product","link":"https:\/\/bcmimprovement.com\/site1\/producto\/camaras-profesionales-analogicas-hikvision-ds-2cc12d8t-amm\/","title":{"rendered":"C\u00e1maras profesionales anal\u00f3gicas HIKVISION DS-2CC12D8T-AMM"},"content":{"rendered":"<p>C\u00e1maras profesionales anal\u00f3gicas HIKVISION DS-2CC12D8T-AMM &#8211;<\/p>\n<p>Tecnolog\u00eda de conectividad: Al\u00e1mbrico<br \/>\nM\u00e1xima resoluci\u00f3n: 1920 x 1080 Pixeles<br \/>\nColocaci\u00f3n soportada: Interior y exterior<br \/>\nTipo de montaje: Pared<br \/>\nTotal de megapixeles: 2 MP<\/p>\n","protected":false},"excerpt":{"rendered":"<p><strong>C\u00e1maras profesionales anal\u00f3gicas HIKVISION DS-2CC12D8T-AMM &#8211;<\/strong><\/p>\n","protected":false},"featured_media":24126,"comment_status":"closed","ping_status":"open","template":"","meta":[],"product_cat":[200,195],"product_tag":[],"class_list":{"0":"post-24125","1":"product","2":"type-product","3":"status-publish","4":"has-post-thumbnail","6":"product_cat-camara-ptz-analoga","7":"product_cat-video-vigilancia","9":"first","10":"instock","11":"product-type-simple"},"_links":{"self":[{"href":"https:\/\/bcmimprovement.com\/site1\/wp-json\/wp\/v2\/product\/24125","targetHints":{"allow":["GET"]}}],"collection":[{"href":"https:\/\/bcmimprovement.com\/site1\/wp-json\/wp\/v2\/product"}],"about":[{"href":"https:\/\/bcmimprovement.com\/site1\/wp-json\/wp\/v2\/types\/product"}],"replies":[{"embeddable":true,"href":"https:\/\/bcmimprovement.com\/site1\/wp-json\/wp\/v2\/comments?post=24125"}],"wp:featuredmedia":[{"embeddable":true,"href":"https:\/\/bcmimprovement.com\/site1\/wp-json\/wp\/v2\/media\/24126"}],"wp:attachment":[{"href":"https:\/\/bcmimprovement.com\/site1\/wp-json\/wp\/v2\/media?parent=24125"}],"wp:term":[{"taxonomy":"product_cat","embeddable":true,"href":"https:\/\/bcmimprovement.com\/site1\/wp-json\/wp\/v2\/product_cat?post=24125"},{"taxonomy":"product_tag","embeddable":true,"href":"https:\/\/bcmimprovement.com\/site1\/wp-json\/wp\/v2\/product_tag?post=24125"}],"curies":[{"name":"wp","href":"https:\/\/api.w.org\/{rel}","templated":true}]}}