{"id":24147,"date":"2024-10-11T18:36:11","date_gmt":"2024-10-11T18:36:11","guid":{"rendered":"https:\/\/bcmimprovement.com\/site1\/producto\/camara-ip-ezviz-c3x\/"},"modified":"2024-10-11T18:36:19","modified_gmt":"2024-10-11T18:36:19","slug":"camara-ip-ezviz-c3x","status":"publish","type":"product","link":"https:\/\/bcmimprovement.com\/site1\/producto\/camara-ip-ezviz-c3x\/","title":{"rendered":"C\u00e1mara IP EZVIZ C3X"},"content":{"rendered":"<p>C\u00e1mara IP EZVIZ C3X &#8211;<\/p>\n<p>EAN: 6971744239060<\/p>\n<p>Tecnolog\u00eda de conectividad: Inal\u00e1mbrico y al\u00e1mbrico<br \/>\nM\u00e1xima resoluci\u00f3n: 1920 x 1080 Pixeles<br \/>\nTotal de megapixeles: 2 MP<br \/>\nTipo de montaje: Techo \/ Pared<\/p>\n","protected":false},"excerpt":{"rendered":"<p><strong>C\u00e1mara IP EZVIZ C3X &#8211;<\/strong><\/p>\n","protected":false},"featured_media":24148,"comment_status":"closed","ping_status":"open","template":"","meta":[],"product_cat":[213,195],"product_tag":[],"class_list":{"0":"post-24147","1":"product","2":"type-product","3":"status-publish","4":"has-post-thumbnail","6":"product_cat-camara-bala-ip","7":"product_cat-video-vigilancia","9":"first","10":"instock","11":"product-type-simple"},"_links":{"self":[{"href":"https:\/\/bcmimprovement.com\/site1\/wp-json\/wp\/v2\/product\/24147","targetHints":{"allow":["GET"]}}],"collection":[{"href":"https:\/\/bcmimprovement.com\/site1\/wp-json\/wp\/v2\/product"}],"about":[{"href":"https:\/\/bcmimprovement.com\/site1\/wp-json\/wp\/v2\/types\/product"}],"replies":[{"embeddable":true,"href":"https:\/\/bcmimprovement.com\/site1\/wp-json\/wp\/v2\/comments?post=24147"}],"wp:featuredmedia":[{"embeddable":true,"href":"https:\/\/bcmimprovement.com\/site1\/wp-json\/wp\/v2\/media\/24148"}],"wp:attachment":[{"href":"https:\/\/bcmimprovement.com\/site1\/wp-json\/wp\/v2\/media?parent=24147"}],"wp:term":[{"taxonomy":"product_cat","embeddable":true,"href":"https:\/\/bcmimprovement.com\/site1\/wp-json\/wp\/v2\/product_cat?post=24147"},{"taxonomy":"product_tag","embeddable":true,"href":"https:\/\/bcmimprovement.com\/site1\/wp-json\/wp\/v2\/product_tag?post=24147"}],"curies":[{"name":"wp","href":"https:\/\/api.w.org\/{rel}","templated":true}]}}