{"id":24193,"date":"2024-10-11T19:18:54","date_gmt":"2024-10-11T19:18:54","guid":{"rendered":"https:\/\/bcmimprovement.com\/site1\/producto\/camara-inalambrica-tp-link-c310\/"},"modified":"2024-10-11T19:19:12","modified_gmt":"2024-10-11T19:19:12","slug":"camara-inalambrica-tp-link-c310","status":"publish","type":"product","link":"https:\/\/bcmimprovement.com\/site1\/producto\/camara-inalambrica-tp-link-c310\/","title":{"rendered":"C\u00e1mara inal\u00e1mbrica TP-LINK C310"},"content":{"rendered":"<p>C\u00e1mara inal\u00e1mbrica TP-LINK C310 &#8211;<\/p>\n<p>UPC: 840030701832<\/p>\n<p>Tecnolog\u00eda de conectividad: Inal\u00e1mbrico y al\u00e1mbrico<br \/>\nColocaci\u00f3n soportada: Exterior<br \/>\nTotal de megapixeles: 3 MP<br \/>\nTipo de montaje: Techo\/Pared\/Poste<br \/>\nM\u00e1xima resoluci\u00f3n: 2304 x 1296 Pixeles<\/p>\n","protected":false},"excerpt":{"rendered":"<p><strong>C\u00e1mara inal\u00e1mbrica TP-LINK C310 &#8211;<\/strong><\/p>\n","protected":false},"featured_media":24194,"comment_status":"closed","ping_status":"open","template":"","meta":[],"product_cat":[204,195],"product_tag":[],"class_list":{"0":"post-24193","1":"product","2":"type-product","3":"status-publish","4":"has-post-thumbnail","6":"product_cat-camara-wifi","7":"product_cat-video-vigilancia","9":"first","10":"instock","11":"product-type-simple"},"_links":{"self":[{"href":"https:\/\/bcmimprovement.com\/site1\/wp-json\/wp\/v2\/product\/24193","targetHints":{"allow":["GET"]}}],"collection":[{"href":"https:\/\/bcmimprovement.com\/site1\/wp-json\/wp\/v2\/product"}],"about":[{"href":"https:\/\/bcmimprovement.com\/site1\/wp-json\/wp\/v2\/types\/product"}],"replies":[{"embeddable":true,"href":"https:\/\/bcmimprovement.com\/site1\/wp-json\/wp\/v2\/comments?post=24193"}],"wp:featuredmedia":[{"embeddable":true,"href":"https:\/\/bcmimprovement.com\/site1\/wp-json\/wp\/v2\/media\/24194"}],"wp:attachment":[{"href":"https:\/\/bcmimprovement.com\/site1\/wp-json\/wp\/v2\/media?parent=24193"}],"wp:term":[{"taxonomy":"product_cat","embeddable":true,"href":"https:\/\/bcmimprovement.com\/site1\/wp-json\/wp\/v2\/product_cat?post=24193"},{"taxonomy":"product_tag","embeddable":true,"href":"https:\/\/bcmimprovement.com\/site1\/wp-json\/wp\/v2\/product_tag?post=24193"}],"curies":[{"name":"wp","href":"https:\/\/api.w.org\/{rel}","templated":true}]}}