{"id":24241,"date":"2024-10-11T19:18:54","date_gmt":"2024-10-11T19:18:54","guid":{"rendered":"https:\/\/bcmimprovement.com\/site1\/producto\/fuente-de-poder-epcom-grt-1208-vdct-v3\/"},"modified":"2024-10-11T19:19:46","modified_gmt":"2024-10-11T19:19:46","slug":"fuente-de-poder-epcom-grt-1208-vdct-v3","status":"publish","type":"product","link":"https:\/\/bcmimprovement.com\/site1\/producto\/fuente-de-poder-epcom-grt-1208-vdct-v3\/","title":{"rendered":"Fuente de poder EPCOM GRT-1208-VDCT-V3"},"content":{"rendered":"<p>Fuente de poder EPCOM GRT-1208-VDCT-V3 &#8211;<\/p>\n<p>Color del producto: Negro<br \/>\nN\u00famero m\u00e1ximo de c\u00e1maras soportadas: 16<br \/>\nColocaci\u00f3n soportada: Interior<br \/>\nVoltaje de salida: 12V<br \/>\nVoltaje de entrada: 100 &#8211; 240 V<\/p>\n","protected":false},"excerpt":{"rendered":"<p><strong>Fuente de poder EPCOM GRT-1208-VDCT-V3 &#8211;<\/strong><\/p>\n","protected":false},"featured_media":24242,"comment_status":"closed","ping_status":"open","template":"","meta":[],"product_cat":[198,195],"product_tag":[],"class_list":{"0":"post-24241","1":"product","2":"type-product","3":"status-publish","4":"has-post-thumbnail","6":"product_cat-fuentes-de-poder-para-videovigilancia","7":"product_cat-video-vigilancia","9":"first","10":"instock","11":"product-type-simple"},"_links":{"self":[{"href":"https:\/\/bcmimprovement.com\/site1\/wp-json\/wp\/v2\/product\/24241","targetHints":{"allow":["GET"]}}],"collection":[{"href":"https:\/\/bcmimprovement.com\/site1\/wp-json\/wp\/v2\/product"}],"about":[{"href":"https:\/\/bcmimprovement.com\/site1\/wp-json\/wp\/v2\/types\/product"}],"replies":[{"embeddable":true,"href":"https:\/\/bcmimprovement.com\/site1\/wp-json\/wp\/v2\/comments?post=24241"}],"wp:featuredmedia":[{"embeddable":true,"href":"https:\/\/bcmimprovement.com\/site1\/wp-json\/wp\/v2\/media\/24242"}],"wp:attachment":[{"href":"https:\/\/bcmimprovement.com\/site1\/wp-json\/wp\/v2\/media?parent=24241"}],"wp:term":[{"taxonomy":"product_cat","embeddable":true,"href":"https:\/\/bcmimprovement.com\/site1\/wp-json\/wp\/v2\/product_cat?post=24241"},{"taxonomy":"product_tag","embeddable":true,"href":"https:\/\/bcmimprovement.com\/site1\/wp-json\/wp\/v2\/product_tag?post=24241"}],"curies":[{"name":"wp","href":"https:\/\/api.w.org\/{rel}","templated":true}]}}