{"id":24377,"date":"2024-10-13T01:34:21","date_gmt":"2024-10-13T01:34:21","guid":{"rendered":"https:\/\/bcmimprovement.com\/site1\/producto\/camara-ip-wifi-provision-isr-wp-919-v2\/"},"modified":"2024-10-13T01:34:23","modified_gmt":"2024-10-13T01:34:23","slug":"camara-ip-wifi-provision-isr-wp-919-v2","status":"publish","type":"product","link":"https:\/\/bcmimprovement.com\/site1\/producto\/camara-ip-wifi-provision-isr-wp-919-v2\/","title":{"rendered":"C\u00e1mara IP WIFI PROVISION-ISR WP-919-V2"},"content":{"rendered":"<p>Camara WiFi 2 MP Exterior &#8211; IR hasta 10 mts, 2 vias de audio, micr\u00f3fono incluido, detecci\u00f3n de movimiento, MicroSD(128GB), Wireles (b\/g\/n), IP66<\/p>\n<p>EAN: 0619317410466<\/p>\n<p>Tecnolog\u00eda de conectividad: Inal\u00e1mbrico y al\u00e1mbrico<br \/>\nM\u00e1xima resoluci\u00f3n: 1920 x 1080 Pixeles<br \/>\nTotal de megapixeles: 2 MP<br \/>\nTipo de montaje: Techo \/ Pared<\/p>\n","protected":false},"excerpt":{"rendered":"<p><strong>Camara WiFi 2 MP Exterior &#8211; IR hasta 10 mts, 2 vias de audio, micr\u00f3fono incluido, detecci\u00f3n de movimiento, MicroSD(128GB), Wireles (b\/g\/n), IP66<\/strong><\/p>\n","protected":false},"featured_media":24380,"comment_status":"closed","ping_status":"open","template":"","meta":[],"product_cat":[204,195],"product_tag":[],"class_list":{"0":"post-24377","1":"product","2":"type-product","3":"status-publish","4":"has-post-thumbnail","6":"product_cat-camara-wifi","7":"product_cat-video-vigilancia","9":"first","10":"instock","11":"product-type-simple"},"_links":{"self":[{"href":"https:\/\/bcmimprovement.com\/site1\/wp-json\/wp\/v2\/product\/24377","targetHints":{"allow":["GET"]}}],"collection":[{"href":"https:\/\/bcmimprovement.com\/site1\/wp-json\/wp\/v2\/product"}],"about":[{"href":"https:\/\/bcmimprovement.com\/site1\/wp-json\/wp\/v2\/types\/product"}],"replies":[{"embeddable":true,"href":"https:\/\/bcmimprovement.com\/site1\/wp-json\/wp\/v2\/comments?post=24377"}],"wp:featuredmedia":[{"embeddable":true,"href":"https:\/\/bcmimprovement.com\/site1\/wp-json\/wp\/v2\/media\/24380"}],"wp:attachment":[{"href":"https:\/\/bcmimprovement.com\/site1\/wp-json\/wp\/v2\/media?parent=24377"}],"wp:term":[{"taxonomy":"product_cat","embeddable":true,"href":"https:\/\/bcmimprovement.com\/site1\/wp-json\/wp\/v2\/product_cat?post=24377"},{"taxonomy":"product_tag","embeddable":true,"href":"https:\/\/bcmimprovement.com\/site1\/wp-json\/wp\/v2\/product_tag?post=24377"}],"curies":[{"name":"wp","href":"https:\/\/api.w.org\/{rel}","templated":true}]}}