{"id":24406,"date":"2024-10-13T01:28:19","date_gmt":"2024-10-13T01:28:19","guid":{"rendered":"https:\/\/bcmimprovement.com\/site1\/producto\/camara-bala-ip-2-megapixel-ezviz-c3tn-2mp\/"},"modified":"2024-10-13T01:36:56","modified_gmt":"2024-10-13T01:36:56","slug":"camara-bala-ip-2-megapixel-ezviz-c3tn-2mp","status":"publish","type":"product","link":"https:\/\/bcmimprovement.com\/site1\/producto\/camara-bala-ip-2-megapixel-ezviz-c3tn-2mp\/","title":{"rendered":"C\u00e1mara Bala IP 2 Megap\u00edxel EZVIZ C3TN 2MP"},"content":{"rendered":"<p>C\u00e1mara Bala IP 2 Megap\u00edxel EZVIZ C3TN 2MP &#8211;<\/p>\n<p>EAN: 6941545606279<\/p>\n<p>Tecnolog\u00eda de conectividad: Inal\u00e1mbrico y al\u00e1mbrico<br \/>\nM\u00e1xima resoluci\u00f3n: 1920 x 1080 Pixeles<br \/>\nTotal de megapixeles: 2 MP<br \/>\nTipo de montaje: Techo \/ Pared<\/p>\n","protected":false},"excerpt":{"rendered":"<p><strong>C\u00e1mara Bala IP 2 Megap\u00edxel EZVIZ C3TN 2MP &#8211;<\/strong><\/p>\n","protected":false},"featured_media":24407,"comment_status":"closed","ping_status":"open","template":"","meta":[],"product_cat":[213,195],"product_tag":[],"class_list":{"0":"post-24406","1":"product","2":"type-product","3":"status-publish","4":"has-post-thumbnail","6":"product_cat-camara-bala-ip","7":"product_cat-video-vigilancia","9":"first","10":"instock","11":"product-type-simple"},"_links":{"self":[{"href":"https:\/\/bcmimprovement.com\/site1\/wp-json\/wp\/v2\/product\/24406","targetHints":{"allow":["GET"]}}],"collection":[{"href":"https:\/\/bcmimprovement.com\/site1\/wp-json\/wp\/v2\/product"}],"about":[{"href":"https:\/\/bcmimprovement.com\/site1\/wp-json\/wp\/v2\/types\/product"}],"replies":[{"embeddable":true,"href":"https:\/\/bcmimprovement.com\/site1\/wp-json\/wp\/v2\/comments?post=24406"}],"wp:featuredmedia":[{"embeddable":true,"href":"https:\/\/bcmimprovement.com\/site1\/wp-json\/wp\/v2\/media\/24407"}],"wp:attachment":[{"href":"https:\/\/bcmimprovement.com\/site1\/wp-json\/wp\/v2\/media?parent=24406"}],"wp:term":[{"taxonomy":"product_cat","embeddable":true,"href":"https:\/\/bcmimprovement.com\/site1\/wp-json\/wp\/v2\/product_cat?post=24406"},{"taxonomy":"product_tag","embeddable":true,"href":"https:\/\/bcmimprovement.com\/site1\/wp-json\/wp\/v2\/product_tag?post=24406"}],"curies":[{"name":"wp","href":"https:\/\/api.w.org\/{rel}","templated":true}]}}