{"id":24408,"date":"2024-10-13T01:28:19","date_gmt":"2024-10-13T01:28:19","guid":{"rendered":"https:\/\/bcmimprovement.com\/site1\/producto\/camara-bala-ip-3-megapixel-ezviz-c3tn-3mp\/"},"modified":"2024-10-13T01:36:59","modified_gmt":"2024-10-13T01:36:59","slug":"camara-bala-ip-3-megapixel-ezviz-c3tn-3mp","status":"publish","type":"product","link":"https:\/\/bcmimprovement.com\/site1\/producto\/camara-bala-ip-3-megapixel-ezviz-c3tn-3mp\/","title":{"rendered":"C\u00e1mara Bala IP 3 Megap\u00edxel EZVIZ C3TN 3MP"},"content":{"rendered":"<p>C\u00e1mara Bala IP 3 Megap\u00edxel EZVIZ C3TN 3MP &#8211;<\/p>\n<p>EAN: 6941545606316<\/p>\n<p>Tecnolog\u00eda de conectividad: Inal\u00e1mbrico y al\u00e1mbrico<br \/>\nTotal de megapixeles: 3 MP<br \/>\nTipo de montaje: Techo \/ Pared<br \/>\nM\u00e1xima resoluci\u00f3n: 2304 x 1296 Pixeles<\/p>\n","protected":false},"excerpt":{"rendered":"<p><strong>C\u00e1mara Bala IP 3 Megap\u00edxel EZVIZ C3TN 3MP &#8211;<\/strong><\/p>\n","protected":false},"featured_media":24409,"comment_status":"closed","ping_status":"open","template":"","meta":[],"product_cat":[213,195],"product_tag":[],"class_list":{"0":"post-24408","1":"product","2":"type-product","3":"status-publish","4":"has-post-thumbnail","6":"product_cat-camara-bala-ip","7":"product_cat-video-vigilancia","9":"first","10":"instock","11":"product-type-simple"},"_links":{"self":[{"href":"https:\/\/bcmimprovement.com\/site1\/wp-json\/wp\/v2\/product\/24408","targetHints":{"allow":["GET"]}}],"collection":[{"href":"https:\/\/bcmimprovement.com\/site1\/wp-json\/wp\/v2\/product"}],"about":[{"href":"https:\/\/bcmimprovement.com\/site1\/wp-json\/wp\/v2\/types\/product"}],"replies":[{"embeddable":true,"href":"https:\/\/bcmimprovement.com\/site1\/wp-json\/wp\/v2\/comments?post=24408"}],"wp:featuredmedia":[{"embeddable":true,"href":"https:\/\/bcmimprovement.com\/site1\/wp-json\/wp\/v2\/media\/24409"}],"wp:attachment":[{"href":"https:\/\/bcmimprovement.com\/site1\/wp-json\/wp\/v2\/media?parent=24408"}],"wp:term":[{"taxonomy":"product_cat","embeddable":true,"href":"https:\/\/bcmimprovement.com\/site1\/wp-json\/wp\/v2\/product_cat?post=24408"},{"taxonomy":"product_tag","embeddable":true,"href":"https:\/\/bcmimprovement.com\/site1\/wp-json\/wp\/v2\/product_tag?post=24408"}],"curies":[{"name":"wp","href":"https:\/\/api.w.org\/{rel}","templated":true}]}}