{"id":24444,"date":"2024-10-13T01:28:19","date_gmt":"2024-10-13T01:28:19","guid":{"rendered":"https:\/\/bcmimprovement.com\/site1\/producto\/camara-bala-ip-4-megapixel-hilook-ipc-b140hc\/"},"modified":"2024-10-13T01:37:39","modified_gmt":"2024-10-13T01:37:39","slug":"camara-bala-ip-4-megapixel-hilook-ipc-b140hc","status":"publish","type":"product","link":"https:\/\/bcmimprovement.com\/site1\/producto\/camara-bala-ip-4-megapixel-hilook-ipc-b140hc\/","title":{"rendered":"C\u00e1mara Bala IP 4 Megap\u00edxel HILOOK IPC-B140H(C)"},"content":{"rendered":"<p>C\u00e1mara Bala IP 4 Megap\u00edxel HILOOK IPC-B140H(C) &#8211;<\/p>\n<p>EAN: 6941264092568<\/p>\n<p>Tecnolog\u00eda de conectividad: Al\u00e1mbrico<br \/>\nM\u00e1xima resoluci\u00f3n: 2560 x 1440 Pixeles<br \/>\nTotal de megapixeles: 4 MP<br \/>\nTipo de montaje: Techo \/ Pared<\/p>\n","protected":false},"excerpt":{"rendered":"<p><strong>C\u00e1mara Bala IP 4 Megap\u00edxel HILOOK IPC-B140H(C) &#8211;<\/strong><\/p>\n","protected":false},"featured_media":24445,"comment_status":"closed","ping_status":"open","template":"","meta":[],"product_cat":[213,195],"product_tag":[],"class_list":{"0":"post-24444","1":"product","2":"type-product","3":"status-publish","4":"has-post-thumbnail","6":"product_cat-camara-bala-ip","7":"product_cat-video-vigilancia","9":"first","10":"instock","11":"product-type-simple"},"_links":{"self":[{"href":"https:\/\/bcmimprovement.com\/site1\/wp-json\/wp\/v2\/product\/24444","targetHints":{"allow":["GET"]}}],"collection":[{"href":"https:\/\/bcmimprovement.com\/site1\/wp-json\/wp\/v2\/product"}],"about":[{"href":"https:\/\/bcmimprovement.com\/site1\/wp-json\/wp\/v2\/types\/product"}],"replies":[{"embeddable":true,"href":"https:\/\/bcmimprovement.com\/site1\/wp-json\/wp\/v2\/comments?post=24444"}],"wp:featuredmedia":[{"embeddable":true,"href":"https:\/\/bcmimprovement.com\/site1\/wp-json\/wp\/v2\/media\/24445"}],"wp:attachment":[{"href":"https:\/\/bcmimprovement.com\/site1\/wp-json\/wp\/v2\/media?parent=24444"}],"wp:term":[{"taxonomy":"product_cat","embeddable":true,"href":"https:\/\/bcmimprovement.com\/site1\/wp-json\/wp\/v2\/product_cat?post=24444"},{"taxonomy":"product_tag","embeddable":true,"href":"https:\/\/bcmimprovement.com\/site1\/wp-json\/wp\/v2\/product_tag?post=24444"}],"curies":[{"name":"wp","href":"https:\/\/api.w.org\/{rel}","templated":true}]}}