{"id":24462,"date":"2024-10-13T01:28:19","date_gmt":"2024-10-13T01:28:19","guid":{"rendered":"https:\/\/bcmimprovement.com\/site1\/producto\/camara-bala-dahua-technology-dh-hac-hfw1500rn-z-ire6-2712-s2\/"},"modified":"2024-10-13T01:37:55","modified_gmt":"2024-10-13T01:37:55","slug":"camara-bala-dahua-technology-dh-hac-hfw1500rn-z-ire6-2712-s2","status":"publish","type":"product","link":"https:\/\/bcmimprovement.com\/site1\/producto\/camara-bala-dahua-technology-dh-hac-hfw1500rn-z-ire6-2712-s2\/","title":{"rendered":"C\u00e1mara Bala Dahua Technology DH-HAC-HFW1500RN-Z-IRE6-2712-S2"},"content":{"rendered":"<p>C\u00e1mara Bala Dahua Technology DH-HAC-HFW1500RN-Z-IRE6-2712-S2 &#8211;<\/p>\n<p>EAN: 6939554948794<\/p>\n<p>Tecnolog\u00eda de conectividad: Inal\u00e1mbrico y al\u00e1mbrico<br \/>\nTotal de megapixeles: 5 MP<br \/>\nM\u00e1xima resoluci\u00f3n: 2880 x 1620 Pixeles<br \/>\nTipo de montaje: Techo \/ Pared<\/p>\n","protected":false},"excerpt":{"rendered":"<p><strong>C\u00e1mara Bala Dahua Technology DH-HAC-HFW1500RN-Z-IRE6-2712-S2 &#8211;<\/strong><\/p>\n","protected":false},"featured_media":24463,"comment_status":"closed","ping_status":"open","template":"","meta":[],"product_cat":[213,195],"product_tag":[],"class_list":{"0":"post-24462","1":"product","2":"type-product","3":"status-publish","4":"has-post-thumbnail","6":"product_cat-camara-bala-ip","7":"product_cat-video-vigilancia","9":"first","10":"instock","11":"product-type-simple"},"_links":{"self":[{"href":"https:\/\/bcmimprovement.com\/site1\/wp-json\/wp\/v2\/product\/24462","targetHints":{"allow":["GET"]}}],"collection":[{"href":"https:\/\/bcmimprovement.com\/site1\/wp-json\/wp\/v2\/product"}],"about":[{"href":"https:\/\/bcmimprovement.com\/site1\/wp-json\/wp\/v2\/types\/product"}],"replies":[{"embeddable":true,"href":"https:\/\/bcmimprovement.com\/site1\/wp-json\/wp\/v2\/comments?post=24462"}],"wp:featuredmedia":[{"embeddable":true,"href":"https:\/\/bcmimprovement.com\/site1\/wp-json\/wp\/v2\/media\/24463"}],"wp:attachment":[{"href":"https:\/\/bcmimprovement.com\/site1\/wp-json\/wp\/v2\/media?parent=24462"}],"wp:term":[{"taxonomy":"product_cat","embeddable":true,"href":"https:\/\/bcmimprovement.com\/site1\/wp-json\/wp\/v2\/product_cat?post=24462"},{"taxonomy":"product_tag","embeddable":true,"href":"https:\/\/bcmimprovement.com\/site1\/wp-json\/wp\/v2\/product_tag?post=24462"}],"curies":[{"name":"wp","href":"https:\/\/api.w.org\/{rel}","templated":true}]}}