{"id":24468,"date":"2024-10-13T01:41:46","date_gmt":"2024-10-13T01:41:46","guid":{"rendered":"https:\/\/bcmimprovement.com\/site1\/producto\/camara-analoga-bala-dahua-technology-dh-hac-hfw1239tn-a-led-0360b\/"},"modified":"2024-10-13T01:41:47","modified_gmt":"2024-10-13T01:41:47","slug":"camara-analoga-bala-dahua-technology-dh-hac-hfw1239tn-a-led-0360b","status":"publish","type":"product","link":"https:\/\/bcmimprovement.com\/site1\/producto\/camara-analoga-bala-dahua-technology-dh-hac-hfw1239tn-a-led-0360b\/","title":{"rendered":"C\u00e1mara An\u00e1loga Bala Dahua Technology DH-HAC-HFW1239TN-A-LED-0360B"},"content":{"rendered":"<p>C\u00e1mara An\u00e1loga Bala Dahua Technology DH-HAC-HFW1239TN-A-LED-0360B &#8211;<\/p>\n<p>EAN: 6923172505941<\/p>\n<p>Tecnolog\u00eda de conectividad: Al\u00e1mbrico<br \/>\nM\u00e1xima resoluci\u00f3n: 1920 x 1080 Pixeles<br \/>\nTotal de megapixeles: 2 MP<br \/>\nTipo de montaje: Techo \/ Pared<\/p>\n","protected":false},"excerpt":{"rendered":"<p><strong>C\u00e1mara An\u00e1loga Bala Dahua Technology DH-HAC-HFW1239TN-A-LED-0360B &#8211;<\/strong><\/p>\n","protected":false},"featured_media":24469,"comment_status":"closed","ping_status":"open","template":"","meta":[],"product_cat":[201,195],"product_tag":[],"class_list":{"0":"post-24468","1":"product","2":"type-product","3":"status-publish","4":"has-post-thumbnail","6":"product_cat-camara-bala-analoga","7":"product_cat-video-vigilancia","9":"first","10":"instock","11":"product-type-simple"},"_links":{"self":[{"href":"https:\/\/bcmimprovement.com\/site1\/wp-json\/wp\/v2\/product\/24468","targetHints":{"allow":["GET"]}}],"collection":[{"href":"https:\/\/bcmimprovement.com\/site1\/wp-json\/wp\/v2\/product"}],"about":[{"href":"https:\/\/bcmimprovement.com\/site1\/wp-json\/wp\/v2\/types\/product"}],"replies":[{"embeddable":true,"href":"https:\/\/bcmimprovement.com\/site1\/wp-json\/wp\/v2\/comments?post=24468"}],"wp:featuredmedia":[{"embeddable":true,"href":"https:\/\/bcmimprovement.com\/site1\/wp-json\/wp\/v2\/media\/24469"}],"wp:attachment":[{"href":"https:\/\/bcmimprovement.com\/site1\/wp-json\/wp\/v2\/media?parent=24468"}],"wp:term":[{"taxonomy":"product_cat","embeddable":true,"href":"https:\/\/bcmimprovement.com\/site1\/wp-json\/wp\/v2\/product_cat?post=24468"},{"taxonomy":"product_tag","embeddable":true,"href":"https:\/\/bcmimprovement.com\/site1\/wp-json\/wp\/v2\/product_tag?post=24468"}],"curies":[{"name":"wp","href":"https:\/\/api.w.org\/{rel}","templated":true}]}}