{"id":24532,"date":"2024-10-13T01:42:35","date_gmt":"2024-10-13T01:42:35","guid":{"rendered":"https:\/\/bcmimprovement.com\/site1\/producto\/nvr-h-265-provision-isr-nvr5-4100pxmm\/"},"modified":"2024-10-13T01:42:57","modified_gmt":"2024-10-13T01:42:57","slug":"nvr-h-265-provision-isr-nvr5-4100pxmm","status":"publish","type":"product","link":"https:\/\/bcmimprovement.com\/site1\/producto\/nvr-h-265-provision-isr-nvr5-4100pxmm\/","title":{"rendered":"NVR H.265 PROVISION-ISR NVR5-4100PX+(MM)"},"content":{"rendered":"<p>NVR de 4 canales PoE &#8211; soporta c\u00e1maras IP de hasta 5 MP, HDD 6 TB, HDMI, anal\u00edticos b\u00e1sicos<\/p>\n<p>EAN: 0611355707164<\/p>\n<p>Color del producto: Negro<br \/>\nM\u00e1xima resoluci\u00f3n: 1920 x 1080 Pixeles<br \/>\nCanales de entrada de v\u00eddeo: 4<\/p>\n","protected":false},"excerpt":{"rendered":"<p><strong>NVR de 4 canales PoE &#8211; soporta c\u00e1maras IP de hasta 5 MP, HDD 6 TB, HDMI, anal\u00edticos b\u00e1sicos<\/strong><\/p>\n","protected":false},"featured_media":24533,"comment_status":"closed","ping_status":"open","template":"","meta":[],"product_cat":[203,195],"product_tag":[],"class_list":{"0":"post-24532","1":"product","2":"type-product","3":"status-publish","4":"has-post-thumbnail","6":"product_cat-grabadores-digitales-nvr","7":"product_cat-video-vigilancia","9":"first","10":"instock","11":"product-type-simple"},"_links":{"self":[{"href":"https:\/\/bcmimprovement.com\/site1\/wp-json\/wp\/v2\/product\/24532","targetHints":{"allow":["GET"]}}],"collection":[{"href":"https:\/\/bcmimprovement.com\/site1\/wp-json\/wp\/v2\/product"}],"about":[{"href":"https:\/\/bcmimprovement.com\/site1\/wp-json\/wp\/v2\/types\/product"}],"replies":[{"embeddable":true,"href":"https:\/\/bcmimprovement.com\/site1\/wp-json\/wp\/v2\/comments?post=24532"}],"wp:featuredmedia":[{"embeddable":true,"href":"https:\/\/bcmimprovement.com\/site1\/wp-json\/wp\/v2\/media\/24533"}],"wp:attachment":[{"href":"https:\/\/bcmimprovement.com\/site1\/wp-json\/wp\/v2\/media?parent=24532"}],"wp:term":[{"taxonomy":"product_cat","embeddable":true,"href":"https:\/\/bcmimprovement.com\/site1\/wp-json\/wp\/v2\/product_cat?post=24532"},{"taxonomy":"product_tag","embeddable":true,"href":"https:\/\/bcmimprovement.com\/site1\/wp-json\/wp\/v2\/product_tag?post=24532"}],"curies":[{"name":"wp","href":"https:\/\/api.w.org\/{rel}","templated":true}]}}