{"id":5116,"date":"2024-09-26T00:48:41","date_gmt":"2024-09-26T00:48:41","guid":{"rendered":"https:\/\/bcmimprovement.com\/site1\/producto\/teclado-manhattan-176354\/"},"modified":"2024-09-26T00:49:01","modified_gmt":"2024-09-26T00:49:01","slug":"teclado-manhattan-176354","status":"publish","type":"product","link":"https:\/\/bcmimprovement.com\/site1\/producto\/teclado-manhattan-176354\/","title":{"rendered":"Teclado MANHATTAN 176354"},"content":{"rendered":"<p>176354 Teclado num\u00e9rico al\u00e1mbrico USB &#8211; 18 teclas del mismo tama\u00f1o incluye tecla de retroceso Color Negro.<\/p>\n<p>UPC: 766623176354<\/p>\n<p>Color del producto: Negro<br \/>\nInterfaz del dispositivo: USB<br \/>\nDise\u00f1o de teclado: Num\u00e9rico<\/p>\n","protected":false},"excerpt":{"rendered":"<p><strong>176354 Teclado num\u00e9rico al\u00e1mbrico USB &#8211; 18 teclas del mismo tama\u00f1o incluye tecla de retroceso Color Negro.<\/strong><\/p>\n","protected":false},"featured_media":5117,"comment_status":"closed","ping_status":"open","template":"","meta":[],"product_cat":[],"product_tag":[],"class_list":{"0":"post-5116","1":"product","2":"type-product","3":"status-publish","4":"has-post-thumbnail","7":"first","8":"instock","9":"product-type-simple"},"_links":{"self":[{"href":"https:\/\/bcmimprovement.com\/site1\/wp-json\/wp\/v2\/product\/5116","targetHints":{"allow":["GET"]}}],"collection":[{"href":"https:\/\/bcmimprovement.com\/site1\/wp-json\/wp\/v2\/product"}],"about":[{"href":"https:\/\/bcmimprovement.com\/site1\/wp-json\/wp\/v2\/types\/product"}],"replies":[{"embeddable":true,"href":"https:\/\/bcmimprovement.com\/site1\/wp-json\/wp\/v2\/comments?post=5116"}],"wp:featuredmedia":[{"embeddable":true,"href":"https:\/\/bcmimprovement.com\/site1\/wp-json\/wp\/v2\/media\/5117"}],"wp:attachment":[{"href":"https:\/\/bcmimprovement.com\/site1\/wp-json\/wp\/v2\/media?parent=5116"}],"wp:term":[{"taxonomy":"product_cat","embeddable":true,"href":"https:\/\/bcmimprovement.com\/site1\/wp-json\/wp\/v2\/product_cat?post=5116"},{"taxonomy":"product_tag","embeddable":true,"href":"https:\/\/bcmimprovement.com\/site1\/wp-json\/wp\/v2\/product_tag?post=5116"}],"curies":[{"name":"wp","href":"https:\/\/api.w.org\/{rel}","templated":true}]}}