{"id":5120,"date":"2024-09-26T00:48:41","date_gmt":"2024-09-26T00:48:41","guid":{"rendered":"https:\/\/bcmimprovement.com\/site1\/producto\/teclado-logitech-k270\/"},"modified":"2024-09-26T00:49:05","modified_gmt":"2024-09-26T00:49:05","slug":"teclado-logitech-k270","status":"publish","type":"product","link":"https:\/\/bcmimprovement.com\/site1\/producto\/teclado-logitech-k270\/","title":{"rendered":"Teclado LOGITECH K270"},"content":{"rendered":"<p>Teclado Inal\u00e1mbrico LOGITECH K270 &#8211; RF inal\u00e1mbrico, Inal\u00e1mbrico, PC\/server, Negro<\/p>\n<p>UPC: 097855088789<\/p>\n<p>Color del producto: Negro<br \/>\nTecnolog\u00eda de conectividad: Inal\u00e1mbrico<br \/>\nInterfaz del dispositivo: RF inal\u00e1mbrico<br \/>\nUtilizar con: PC\/server<\/p>\n","protected":false},"excerpt":{"rendered":"<p><strong>Teclado Inal\u00e1mbrico LOGITECH K270 &#8211; RF inal\u00e1mbrico, Inal\u00e1mbrico, PC\/server, Negro<\/strong><\/p>\n","protected":false},"featured_media":5121,"comment_status":"closed","ping_status":"open","template":"","meta":[],"product_cat":[],"product_tag":[],"class_list":{"0":"post-5120","1":"product","2":"type-product","3":"status-publish","4":"has-post-thumbnail","7":"first","8":"instock","9":"product-type-simple"},"_links":{"self":[{"href":"https:\/\/bcmimprovement.com\/site1\/wp-json\/wp\/v2\/product\/5120","targetHints":{"allow":["GET"]}}],"collection":[{"href":"https:\/\/bcmimprovement.com\/site1\/wp-json\/wp\/v2\/product"}],"about":[{"href":"https:\/\/bcmimprovement.com\/site1\/wp-json\/wp\/v2\/types\/product"}],"replies":[{"embeddable":true,"href":"https:\/\/bcmimprovement.com\/site1\/wp-json\/wp\/v2\/comments?post=5120"}],"wp:featuredmedia":[{"embeddable":true,"href":"https:\/\/bcmimprovement.com\/site1\/wp-json\/wp\/v2\/media\/5121"}],"wp:attachment":[{"href":"https:\/\/bcmimprovement.com\/site1\/wp-json\/wp\/v2\/media?parent=5120"}],"wp:term":[{"taxonomy":"product_cat","embeddable":true,"href":"https:\/\/bcmimprovement.com\/site1\/wp-json\/wp\/v2\/product_cat?post=5120"},{"taxonomy":"product_tag","embeddable":true,"href":"https:\/\/bcmimprovement.com\/site1\/wp-json\/wp\/v2\/product_tag?post=5120"}],"curies":[{"name":"wp","href":"https:\/\/api.w.org\/{rel}","templated":true}]}}