{"id":5322,"date":"2024-09-26T00:52:08","date_gmt":"2024-09-26T00:52:08","guid":{"rendered":"https:\/\/bcmimprovement.com\/site1\/producto\/teclado-numerico-naceb-technology-na-0104\/"},"modified":"2024-09-26T00:52:38","modified_gmt":"2024-09-26T00:52:38","slug":"teclado-numerico-naceb-technology-na-0104","status":"publish","type":"product","link":"https:\/\/bcmimprovement.com\/site1\/producto\/teclado-numerico-naceb-technology-na-0104\/","title":{"rendered":"Teclado Num\u00e9rico Naceb Technology NA-0104"},"content":{"rendered":"<p>Teclado Num\u00e9rico Naceb Technology NA-0104 &#8211; Num\u00e9rico, Negro<\/p>\n<p>EAN: 7502262807944<\/p>\n<p>Color del producto: Negro<br \/>\nDise\u00f1o de teclado: Num\u00e9rico<\/p>\n","protected":false},"excerpt":{"rendered":"<p><strong>Teclado Num\u00e9rico Naceb Technology NA-0104 &#8211; Num\u00e9rico, Negro<\/strong><\/p>\n","protected":false},"featured_media":5323,"comment_status":"closed","ping_status":"open","template":"","meta":[],"product_cat":[],"product_tag":[],"class_list":{"0":"post-5322","1":"product","2":"type-product","3":"status-publish","4":"has-post-thumbnail","7":"first","8":"instock","9":"product-type-simple"},"_links":{"self":[{"href":"https:\/\/bcmimprovement.com\/site1\/wp-json\/wp\/v2\/product\/5322","targetHints":{"allow":["GET"]}}],"collection":[{"href":"https:\/\/bcmimprovement.com\/site1\/wp-json\/wp\/v2\/product"}],"about":[{"href":"https:\/\/bcmimprovement.com\/site1\/wp-json\/wp\/v2\/types\/product"}],"replies":[{"embeddable":true,"href":"https:\/\/bcmimprovement.com\/site1\/wp-json\/wp\/v2\/comments?post=5322"}],"wp:featuredmedia":[{"embeddable":true,"href":"https:\/\/bcmimprovement.com\/site1\/wp-json\/wp\/v2\/media\/5323"}],"wp:attachment":[{"href":"https:\/\/bcmimprovement.com\/site1\/wp-json\/wp\/v2\/media?parent=5322"}],"wp:term":[{"taxonomy":"product_cat","embeddable":true,"href":"https:\/\/bcmimprovement.com\/site1\/wp-json\/wp\/v2\/product_cat?post=5322"},{"taxonomy":"product_tag","embeddable":true,"href":"https:\/\/bcmimprovement.com\/site1\/wp-json\/wp\/v2\/product_tag?post=5322"}],"curies":[{"name":"wp","href":"https:\/\/api.w.org\/{rel}","templated":true}]}}