{"id":5344,"date":"2024-09-26T00:52:52","date_gmt":"2024-09-26T00:52:52","guid":{"rendered":"https:\/\/bcmimprovement.com\/site1\/producto\/teclado-inalambrico-con-touchpad-acteck-mk410\/"},"modified":"2024-09-26T00:53:01","modified_gmt":"2024-09-26T00:53:01","slug":"teclado-inalambrico-con-touchpad-acteck-mk410","status":"publish","type":"product","link":"https:\/\/bcmimprovement.com\/site1\/producto\/teclado-inalambrico-con-touchpad-acteck-mk410\/","title":{"rendered":"Teclado inal\u00e1mbrico con TouchPAD ACTECK MK410"},"content":{"rendered":"<p>Teclado Inal\u00e1mbrico con TouchPAD ACTECK MK410 &#8211; USB, QWERTY, Negro, Universal, Inal\u00e1mbrico<\/p>\n<p>EAN: 7506215923217<\/p>\n<p>Color del producto: Negro<br \/>\nTecnolog\u00eda de conectividad: Inal\u00e1mbrico<br \/>\nInterfaz del dispositivo: USB<br \/>\nUtilizar con: Universal<br \/>\nDise\u00f1o de teclado: QWERTY<\/p>\n","protected":false},"excerpt":{"rendered":"<p><strong>Teclado Inal\u00e1mbrico con TouchPAD ACTECK MK410 &#8211; USB, QWERTY, Negro, Universal, Inal\u00e1mbrico<\/strong><\/p>\n","protected":false},"featured_media":5345,"comment_status":"closed","ping_status":"open","template":"","meta":[],"product_cat":[],"product_tag":[],"class_list":{"0":"post-5344","1":"product","2":"type-product","3":"status-publish","4":"has-post-thumbnail","7":"first","8":"instock","9":"product-type-simple"},"_links":{"self":[{"href":"https:\/\/bcmimprovement.com\/site1\/wp-json\/wp\/v2\/product\/5344","targetHints":{"allow":["GET"]}}],"collection":[{"href":"https:\/\/bcmimprovement.com\/site1\/wp-json\/wp\/v2\/product"}],"about":[{"href":"https:\/\/bcmimprovement.com\/site1\/wp-json\/wp\/v2\/types\/product"}],"replies":[{"embeddable":true,"href":"https:\/\/bcmimprovement.com\/site1\/wp-json\/wp\/v2\/comments?post=5344"}],"wp:featuredmedia":[{"embeddable":true,"href":"https:\/\/bcmimprovement.com\/site1\/wp-json\/wp\/v2\/media\/5345"}],"wp:attachment":[{"href":"https:\/\/bcmimprovement.com\/site1\/wp-json\/wp\/v2\/media?parent=5344"}],"wp:term":[{"taxonomy":"product_cat","embeddable":true,"href":"https:\/\/bcmimprovement.com\/site1\/wp-json\/wp\/v2\/product_cat?post=5344"},{"taxonomy":"product_tag","embeddable":true,"href":"https:\/\/bcmimprovement.com\/site1\/wp-json\/wp\/v2\/product_tag?post=5344"}],"curies":[{"name":"wp","href":"https:\/\/api.w.org\/{rel}","templated":true}]}}