{"id":5416,"date":"2024-09-26T00:54:32","date_gmt":"2024-09-26T00:54:32","guid":{"rendered":"https:\/\/bcmimprovement.com\/site1\/producto\/teclado-y-mouse-optico-inalambrico-techzone-tz19comb01-ina\/"},"modified":"2024-09-26T00:54:35","modified_gmt":"2024-09-26T00:54:35","slug":"teclado-y-mouse-optico-inalambrico-techzone-tz19comb01-ina","status":"publish","type":"product","link":"https:\/\/bcmimprovement.com\/site1\/producto\/teclado-y-mouse-optico-inalambrico-techzone-tz19comb01-ina\/","title":{"rendered":"Teclado y Mouse \u00d3ptico Inal\u00e1mbrico TECHZONE TZ19COMB01-INA"},"content":{"rendered":"<p>Kit Nifty TechZone combo inal\u00e1mbrico con conexi\u00f3n USB &#8211; mouse 1600 DPI\u00b4s, teclado con 104 teclas tipo QWERTY, 1 a\u00f1o de garant\u00eda.<\/p>\n<p>EAN: 7501950055919<\/p>\n<p>Color del producto: Negro<br \/>\nTeclado, cantidad de teclas: 105 teclas<br \/>\nFormato del teclado: Multilenguaje<br \/>\nResoluci\u00f3n de movimiento: 1600\/1200\/800 DPI<\/p>\n","protected":false},"excerpt":{"rendered":"<p><strong>Kit Nifty TechZone combo inal\u00e1mbrico con conexi\u00f3n USB &#8211; mouse 1600 DPI\u00b4s, teclado con 104 teclas tipo QWERTY, 1 a\u00f1o de garant\u00eda.<\/strong><\/p>\n","protected":false},"featured_media":5417,"comment_status":"closed","ping_status":"open","template":"","meta":[],"product_cat":[],"product_tag":[],"class_list":{"0":"post-5416","1":"product","2":"type-product","3":"status-publish","4":"has-post-thumbnail","7":"first","8":"instock","9":"product-type-simple"},"_links":{"self":[{"href":"https:\/\/bcmimprovement.com\/site1\/wp-json\/wp\/v2\/product\/5416","targetHints":{"allow":["GET"]}}],"collection":[{"href":"https:\/\/bcmimprovement.com\/site1\/wp-json\/wp\/v2\/product"}],"about":[{"href":"https:\/\/bcmimprovement.com\/site1\/wp-json\/wp\/v2\/types\/product"}],"replies":[{"embeddable":true,"href":"https:\/\/bcmimprovement.com\/site1\/wp-json\/wp\/v2\/comments?post=5416"}],"wp:featuredmedia":[{"embeddable":true,"href":"https:\/\/bcmimprovement.com\/site1\/wp-json\/wp\/v2\/media\/5417"}],"wp:attachment":[{"href":"https:\/\/bcmimprovement.com\/site1\/wp-json\/wp\/v2\/media?parent=5416"}],"wp:term":[{"taxonomy":"product_cat","embeddable":true,"href":"https:\/\/bcmimprovement.com\/site1\/wp-json\/wp\/v2\/product_cat?post=5416"},{"taxonomy":"product_tag","embeddable":true,"href":"https:\/\/bcmimprovement.com\/site1\/wp-json\/wp\/v2\/product_tag?post=5416"}],"curies":[{"name":"wp","href":"https:\/\/api.w.org\/{rel}","templated":true}]}}