{"id":5470,"date":"2024-09-26T00:56:35","date_gmt":"2024-09-26T00:56:35","guid":{"rendered":"https:\/\/bcmimprovement.com\/site1\/producto\/teclado-mecanico-black-cobra-naceb-naceb-technology-na-0944\/"},"modified":"2024-09-26T00:56:51","modified_gmt":"2024-09-26T00:56:51","slug":"teclado-mecanico-black-cobra-naceb-naceb-technology-na-0944","status":"publish","type":"product","link":"https:\/\/bcmimprovement.com\/site1\/producto\/teclado-mecanico-black-cobra-naceb-naceb-technology-na-0944\/","title":{"rendered":"Teclado Mec\u00e1nico Black Cobra Naceb Naceb Technology NA-0944"},"content":{"rendered":"<p>Teclado Mec\u00e1nico Black Cobra Naceb Naceb Technology NA-0944 &#8211; USB, Negro, Al\u00e1mbrico<\/p>\n<p>EAN: 7502262808897<\/p>\n<p>Color del producto: Negro<br \/>\nTecnolog\u00eda de conectividad: Al\u00e1mbrico<br \/>\nInterfaz del dispositivo: USB<\/p>\n","protected":false},"excerpt":{"rendered":"<p><strong>Teclado Mec\u00e1nico Black Cobra Naceb Naceb Technology NA-0944 &#8211; USB, Negro, Al\u00e1mbrico<\/strong><\/p>\n","protected":false},"featured_media":5471,"comment_status":"closed","ping_status":"open","template":"","meta":[],"product_cat":[],"product_tag":[],"class_list":{"0":"post-5470","1":"product","2":"type-product","3":"status-publish","4":"has-post-thumbnail","7":"first","8":"instock","9":"product-type-simple"},"_links":{"self":[{"href":"https:\/\/bcmimprovement.com\/site1\/wp-json\/wp\/v2\/product\/5470","targetHints":{"allow":["GET"]}}],"collection":[{"href":"https:\/\/bcmimprovement.com\/site1\/wp-json\/wp\/v2\/product"}],"about":[{"href":"https:\/\/bcmimprovement.com\/site1\/wp-json\/wp\/v2\/types\/product"}],"replies":[{"embeddable":true,"href":"https:\/\/bcmimprovement.com\/site1\/wp-json\/wp\/v2\/comments?post=5470"}],"wp:featuredmedia":[{"embeddable":true,"href":"https:\/\/bcmimprovement.com\/site1\/wp-json\/wp\/v2\/media\/5471"}],"wp:attachment":[{"href":"https:\/\/bcmimprovement.com\/site1\/wp-json\/wp\/v2\/media?parent=5470"}],"wp:term":[{"taxonomy":"product_cat","embeddable":true,"href":"https:\/\/bcmimprovement.com\/site1\/wp-json\/wp\/v2\/product_cat?post=5470"},{"taxonomy":"product_tag","embeddable":true,"href":"https:\/\/bcmimprovement.com\/site1\/wp-json\/wp\/v2\/product_tag?post=5470"}],"curies":[{"name":"wp","href":"https:\/\/api.w.org\/{rel}","templated":true}]}}