{"id":5498,"date":"2024-09-26T00:57:13","date_gmt":"2024-09-26T00:57:13","guid":{"rendered":"https:\/\/bcmimprovement.com\/site1\/producto\/teclado-acteck-te-200\/"},"modified":"2024-09-26T00:57:21","modified_gmt":"2024-09-26T00:57:21","slug":"teclado-acteck-te-200","status":"publish","type":"product","link":"https:\/\/bcmimprovement.com\/site1\/producto\/teclado-acteck-te-200\/","title":{"rendered":"Teclado ACTECK TE-200"},"content":{"rendered":"<p>Teclado Est\u00e1ndar ACTECK Al\u00e1mbrico USB WINDOWS-LINUX Dise\u00f1o Cl\u00e1sico Negro INSPIRE TA210 &#8211;<\/p>\n<p>EAN: 7506215928946<\/p>\n<p>Color del producto: Negro<br \/>\nTecnolog\u00eda de conectividad: Al\u00e1mbrico<br \/>\nInterfaz del dispositivo: USB<br \/>\nDise\u00f1o de teclado: Est\u00e1ndar<\/p>\n","protected":false},"excerpt":{"rendered":"<p><strong>Teclado Est\u00e1ndar ACTECK Al\u00e1mbrico USB WINDOWS-LINUX Dise\u00f1o Cl\u00e1sico Negro INSPIRE TA210 &#8211;<\/strong><\/p>\n","protected":false},"featured_media":5499,"comment_status":"closed","ping_status":"open","template":"","meta":[],"product_cat":[],"product_tag":[],"class_list":{"0":"post-5498","1":"product","2":"type-product","3":"status-publish","4":"has-post-thumbnail","7":"first","8":"instock","9":"product-type-simple"},"_links":{"self":[{"href":"https:\/\/bcmimprovement.com\/site1\/wp-json\/wp\/v2\/product\/5498","targetHints":{"allow":["GET"]}}],"collection":[{"href":"https:\/\/bcmimprovement.com\/site1\/wp-json\/wp\/v2\/product"}],"about":[{"href":"https:\/\/bcmimprovement.com\/site1\/wp-json\/wp\/v2\/types\/product"}],"replies":[{"embeddable":true,"href":"https:\/\/bcmimprovement.com\/site1\/wp-json\/wp\/v2\/comments?post=5498"}],"wp:featuredmedia":[{"embeddable":true,"href":"https:\/\/bcmimprovement.com\/site1\/wp-json\/wp\/v2\/media\/5499"}],"wp:attachment":[{"href":"https:\/\/bcmimprovement.com\/site1\/wp-json\/wp\/v2\/media?parent=5498"}],"wp:term":[{"taxonomy":"product_cat","embeddable":true,"href":"https:\/\/bcmimprovement.com\/site1\/wp-json\/wp\/v2\/product_cat?post=5498"},{"taxonomy":"product_tag","embeddable":true,"href":"https:\/\/bcmimprovement.com\/site1\/wp-json\/wp\/v2\/product_tag?post=5498"}],"curies":[{"name":"wp","href":"https:\/\/api.w.org\/{rel}","templated":true}]}}