{"id":5598,"date":"2024-09-26T00:59:44","date_gmt":"2024-09-26T00:59:44","guid":{"rendered":"https:\/\/bcmimprovement.com\/site1\/producto\/teclado-mecanico-logitech-920-009495\/"},"modified":"2024-09-26T01:00:13","modified_gmt":"2024-09-26T01:00:13","slug":"teclado-mecanico-logitech-920-009495","status":"publish","type":"product","link":"https:\/\/bcmimprovement.com\/site1\/producto\/teclado-mecanico-logitech-920-009495\/","title":{"rendered":"Teclado Mec\u00e1nico LOGITECH 920-009495"},"content":{"rendered":"<p>Teclado Mec\u00e1nico LOGITECH 920-009495 &#8211; Inal\u00e1mbrico, Negro<\/p>\n<p>UPC: 097855155757<\/p>\n<p>Color del producto: Negro<br \/>\nColor del producto: Negro<br \/>\nInterfaz del dispositivo: Inal\u00e1mbrico<\/p>\n","protected":false},"excerpt":{"rendered":"<p><strong>Teclado Mec\u00e1nico LOGITECH 920-009495 &#8211; Inal\u00e1mbrico, Negro<\/strong><\/p>\n","protected":false},"featured_media":5599,"comment_status":"closed","ping_status":"open","template":"","meta":[],"product_cat":[],"product_tag":[],"class_list":{"0":"post-5598","1":"product","2":"type-product","3":"status-publish","4":"has-post-thumbnail","7":"first","8":"instock","9":"product-type-simple"},"_links":{"self":[{"href":"https:\/\/bcmimprovement.com\/site1\/wp-json\/wp\/v2\/product\/5598","targetHints":{"allow":["GET"]}}],"collection":[{"href":"https:\/\/bcmimprovement.com\/site1\/wp-json\/wp\/v2\/product"}],"about":[{"href":"https:\/\/bcmimprovement.com\/site1\/wp-json\/wp\/v2\/types\/product"}],"replies":[{"embeddable":true,"href":"https:\/\/bcmimprovement.com\/site1\/wp-json\/wp\/v2\/comments?post=5598"}],"wp:featuredmedia":[{"embeddable":true,"href":"https:\/\/bcmimprovement.com\/site1\/wp-json\/wp\/v2\/media\/5599"}],"wp:attachment":[{"href":"https:\/\/bcmimprovement.com\/site1\/wp-json\/wp\/v2\/media?parent=5598"}],"wp:term":[{"taxonomy":"product_cat","embeddable":true,"href":"https:\/\/bcmimprovement.com\/site1\/wp-json\/wp\/v2\/product_cat?post=5598"},{"taxonomy":"product_tag","embeddable":true,"href":"https:\/\/bcmimprovement.com\/site1\/wp-json\/wp\/v2\/product_tag?post=5598"}],"curies":[{"name":"wp","href":"https:\/\/api.w.org\/{rel}","templated":true}]}}