{"id":5624,"date":"2024-09-26T01:00:36","date_gmt":"2024-09-26T01:00:36","guid":{"rendered":"https:\/\/bcmimprovement.com\/site1\/producto\/teclado-acteck-prime-ac-931632\/"},"modified":"2024-09-26T01:00:47","modified_gmt":"2024-09-26T01:00:47","slug":"teclado-acteck-prime-ac-931632","status":"publish","type":"product","link":"https:\/\/bcmimprovement.com\/site1\/producto\/teclado-acteck-prime-ac-931632\/","title":{"rendered":"Teclado ACTECK PRIME AC-931632"},"content":{"rendered":"<p>Teclado ACTECK PRIME AC-931632 &#8211; Inal\u00e1mbrico, Est\u00e1ndar, Negro, 105 teclas + 14 multimedia, requiere 1 bater\u00eda AA, receptor USB 2.4 Ghz<\/p>\n<p>EAN: 7506215931632<\/p>\n<p>Color del producto: Negro<br \/>\nInterfaz del dispositivo: Inal\u00e1mbrico<br \/>\nDise\u00f1o de teclado: Est\u00e1ndar<\/p>\n","protected":false},"excerpt":{"rendered":"<p><strong>Teclado ACTECK PRIME AC-931632 &#8211; Inal\u00e1mbrico, Est\u00e1ndar, Negro, 105 teclas + 14 multimedia, requiere 1 bater\u00eda AA, receptor USB 2.4 Ghz<\/strong><\/p>\n","protected":false},"featured_media":5625,"comment_status":"closed","ping_status":"open","template":"","meta":[],"product_cat":[],"product_tag":[],"class_list":{"0":"post-5624","1":"product","2":"type-product","3":"status-publish","4":"has-post-thumbnail","7":"first","8":"instock","9":"product-type-simple"},"_links":{"self":[{"href":"https:\/\/bcmimprovement.com\/site1\/wp-json\/wp\/v2\/product\/5624","targetHints":{"allow":["GET"]}}],"collection":[{"href":"https:\/\/bcmimprovement.com\/site1\/wp-json\/wp\/v2\/product"}],"about":[{"href":"https:\/\/bcmimprovement.com\/site1\/wp-json\/wp\/v2\/types\/product"}],"replies":[{"embeddable":true,"href":"https:\/\/bcmimprovement.com\/site1\/wp-json\/wp\/v2\/comments?post=5624"}],"wp:featuredmedia":[{"embeddable":true,"href":"https:\/\/bcmimprovement.com\/site1\/wp-json\/wp\/v2\/media\/5625"}],"wp:attachment":[{"href":"https:\/\/bcmimprovement.com\/site1\/wp-json\/wp\/v2\/media?parent=5624"}],"wp:term":[{"taxonomy":"product_cat","embeddable":true,"href":"https:\/\/bcmimprovement.com\/site1\/wp-json\/wp\/v2\/product_cat?post=5624"},{"taxonomy":"product_tag","embeddable":true,"href":"https:\/\/bcmimprovement.com\/site1\/wp-json\/wp\/v2\/product_tag?post=5624"}],"curies":[{"name":"wp","href":"https:\/\/api.w.org\/{rel}","templated":true}]}}